{"id":17678,"date":"2025-09-04T13:57:13","date_gmt":"2025-09-04T11:57:13","guid":{"rendered":"https:\/\/keune.ba\/webshop\/?post_type=product&#038;p=17678"},"modified":"2025-12-18T16:03:04","modified_gmt":"2025-12-18T15:03:04","slug":"vital-nutrition-power-plump","status":"publish","type":"product","link":"https:\/\/keune.ba\/webshop\/vital-nutrition-power-plump\/","title":{"rendered":"Vital Nutrition \u2014 Power Plump"},"content":{"rendered":"<p>ZA\u0160TO DJELUJE<br \/>\n\u2192 Ispunjava i zatvara porozne dijelove<br \/>\nOsna\u017euje slabe to\u010dke za gla\u0111u, ravnomjerniju teksturu<br \/>\n\u2192 Zadr\u017eava hidriranost<br \/>\nSprje\u010dava suho\u0107u i poja\u010dava dugotrajnu hidrataciju<br \/>\n\u2192 Dovodi ispucale i neobuzdane vlasi pod kontrolu<br \/>\n\u010cini kosu zagla\u0111enom, mekom i lakom za ure\u0111ivanje<br \/>\n\u2192 Pobolj\u0161ava elasti\u010dnost i otpornost<br \/>\nOsna\u017euje strukturu kose od korijena do vrha<\/p>\n<p>ZA KOGA JE<br \/>\nZa sve sa suhom, dehidriranom kosom kojoj je<br \/>\npotrebna hidratacija.<\/p>\n<p>REZULTATI<br \/>\n\u2192 84% manje pucanja*<br \/>\n\u2192 Kosa je zdravija<br \/>\n\u2192 Obnavlja za\u0161titne lipide<br \/>\n\u2192 Poja\u010dava esencijalne lipide i ceramide<br \/>\n\u2192 Toplinska za\u0161tita do 230\u00b0C\/450\u00b0F<\/p>\n<p>NA\u010cIN KORI\u0160TENJA<br \/>\nNanesite koli\u010dinu od dva potiska na vla\u017enu ili suhu<br \/>\nkosu. Stilizirajte prema \u017eelji.<\/p>\n","protected":false},"excerpt":{"rendered":"<p>Dajte kosi ispunjenost koriste\u0107i Vital Nutrition Power Plump super koncentriranu gelkremu,<br \/>\nhranjivi leave-in tretman koji je dizajniran da ispuni pukotine u vlasima kose,<br \/>\nzadr\u017ei hidriranost i zagladi povr\u0161inski sloj. Savr\u0161ena za suhu, o\u0161te\u0107enu ili kemijski<br \/>\ntretiranu kosu, ova napredna formula popunjava pore, \u010dine\u0107i kosu otpornijom, lakom za<br \/>\nodr\u017eavanje i vidno zdravijom.<\/p>\n","protected":false},"featured_media":17584,"template":"","meta":{"_acf_changed":false},"product_brand":[],"product_cat":[704,674,657,699,741],"product_tag":[],"class_list":{"0":"post-17678","1":"product","2":"type-product","3":"status-publish","4":"has-post-thumbnail","6":"product_cat-care","7":"product_cat-leave-in-regenerator","8":"product_cat-njega-kose","9":"product_cat-robna-marka","10":"product_cat-vital-nutrition","12":"first","13":"instock","14":"taxable","15":"shipping-taxable","16":"purchasable","17":"product-type-simple"},"acf":[],"_links":{"self":[{"href":"https:\/\/keune.ba\/webshop\/wp-json\/wp\/v2\/product\/17678","targetHints":{"allow":["GET"]}}],"collection":[{"href":"https:\/\/keune.ba\/webshop\/wp-json\/wp\/v2\/product"}],"about":[{"href":"https:\/\/keune.ba\/webshop\/wp-json\/wp\/v2\/types\/product"}],"version-history":[{"count":1,"href":"https:\/\/keune.ba\/webshop\/wp-json\/wp\/v2\/product\/17678\/revisions"}],"predecessor-version":[{"id":17679,"href":"https:\/\/keune.ba\/webshop\/wp-json\/wp\/v2\/product\/17678\/revisions\/17679"}],"wp:featuredmedia":[{"embeddable":true,"href":"https:\/\/keune.ba\/webshop\/wp-json\/wp\/v2\/media\/17584"}],"wp:attachment":[{"href":"https:\/\/keune.ba\/webshop\/wp-json\/wp\/v2\/media?parent=17678"}],"wp:term":[{"taxonomy":"product_brand","embeddable":true,"href":"https:\/\/keune.ba\/webshop\/wp-json\/wp\/v2\/product_brand?post=17678"},{"taxonomy":"product_cat","embeddable":true,"href":"https:\/\/keune.ba\/webshop\/wp-json\/wp\/v2\/product_cat?post=17678"},{"taxonomy":"product_tag","embeddable":true,"href":"https:\/\/keune.ba\/webshop\/wp-json\/wp\/v2\/product_tag?post=17678"}],"curies":[{"name":"wp","href":"https:\/\/api.w.org\/{rel}","templated":true}]}}