{"id":17680,"date":"2025-09-04T13:57:13","date_gmt":"2025-09-04T11:57:13","guid":{"rendered":"https:\/\/keune.ba\/webshop\/?post_type=product&#038;p=17680"},"modified":"2025-12-18T16:03:08","modified_gmt":"2025-12-18T15:03:08","slug":"luminous-coat-supreme-cream","status":"publish","type":"product","link":"https:\/\/keune.ba\/webshop\/luminous-coat-supreme-cream\/","title":{"rendered":"Luminous Coat \u2014 Supreme Cream"},"content":{"rendered":"<p>ZA\u0160TO DJELUJE<br \/>\n\u2192 Zagla\u0111enija, zdrava kosa<br \/>\nNadokna\u0111uje izgubljenu hidriranost<br \/>\n\u2192 Dugotrajna hidratacija<br \/>\nPove\u0107ava zadr\u017eavanje vla\u017enosti<br \/>\n\u2192 Poja\u010dava vitalnost<br \/>\nPoma\u017ee u odr\u017eavanju mla\u0111eg izgleda vlasi<br \/>\n\u2192 Popravljena, sna\u017enija kosa<br \/>\nPodr\u017eava obnovu kose, ja\u010da je i dodaje sjaj<br \/>\n\u2192 \u0160titi od svakodnevnih o\u0161te\u0107enja<br \/>\nAntioksidativna za\u0161tita<\/p>\n<p>ZA KOGA JE<br \/>\nZa sve s be\u017eivotnom, grubom ili frizzy kosom koja<br \/>\n\u017eeli posti\u0107i elegantan sjaj. Idealno za normalne do<br \/>\nguste tipove kose.<\/p>\n<p>REZULTATI<br \/>\n\u2192 Kosa je do 2\u00d7 zagla\u0111enija*<br \/>\n\u2192 Fiber Sealing tehnologija zagla\u0111uje povr\u0161inski<br \/>\nsloj kose, daju\u0107i joj sjaj i za\u0161titni sloj<br \/>\n\u2192 \u0160titi kosu od dodatnih o\u0161te\u0107enja<br \/>\n\u2192 \u010cini kosu do 91% vi\u0161e regeneriranom i dvostruko<br \/>\nzagla\u0111enijom***<br \/>\n\u2192 Toplinska za\u0161tita do 230\u00b0C\/450\u00b0F***<\/p>\n<p>NA\u010cIN KORI\u0160TENJA<br \/>\nNanesite na vla\u017enu kosu i osu\u0161ite su\u0161ilom za kosu<br \/>\nza aktivaciju. Stilizirajte prema \u017eelji.<\/p>\n<p>***Instrumentalni test<\/p>\n","protected":false},"excerpt":{"rendered":"<p>Ostvarite najmek\u0161u, najsjajniju kosu s ovom dubinski hranjivom kremom, Luminous<br \/>\nCoat Supreme Cream je formulirana s inovativnom Fiber Sealing tehnologijom koja<br \/>\nzagla\u0111uje povr\u0161inski sloj, \u0161tite\u0107i i regeneriraju\u0107i kosu.<\/p>\n","protected":false},"featured_media":17585,"template":"","meta":{"_acf_changed":false},"product_brand":[],"product_cat":[704,669,813,657,699],"product_tag":[],"class_list":{"0":"post-17680","1":"product","2":"type-product","3":"status-publish","4":"has-post-thumbnail","6":"product_cat-care","7":"product_cat-krema","8":"product_cat-luminous-coat","9":"product_cat-njega-kose","10":"product_cat-robna-marka","12":"first","13":"instock","14":"taxable","15":"shipping-taxable","16":"purchasable","17":"product-type-simple"},"acf":[],"_links":{"self":[{"href":"https:\/\/keune.ba\/webshop\/wp-json\/wp\/v2\/product\/17680","targetHints":{"allow":["GET"]}}],"collection":[{"href":"https:\/\/keune.ba\/webshop\/wp-json\/wp\/v2\/product"}],"about":[{"href":"https:\/\/keune.ba\/webshop\/wp-json\/wp\/v2\/types\/product"}],"version-history":[{"count":1,"href":"https:\/\/keune.ba\/webshop\/wp-json\/wp\/v2\/product\/17680\/revisions"}],"predecessor-version":[{"id":17681,"href":"https:\/\/keune.ba\/webshop\/wp-json\/wp\/v2\/product\/17680\/revisions\/17681"}],"wp:featuredmedia":[{"embeddable":true,"href":"https:\/\/keune.ba\/webshop\/wp-json\/wp\/v2\/media\/17585"}],"wp:attachment":[{"href":"https:\/\/keune.ba\/webshop\/wp-json\/wp\/v2\/media?parent=17680"}],"wp:term":[{"taxonomy":"product_brand","embeddable":true,"href":"https:\/\/keune.ba\/webshop\/wp-json\/wp\/v2\/product_brand?post=17680"},{"taxonomy":"product_cat","embeddable":true,"href":"https:\/\/keune.ba\/webshop\/wp-json\/wp\/v2\/product_cat?post=17680"},{"taxonomy":"product_tag","embeddable":true,"href":"https:\/\/keune.ba\/webshop\/wp-json\/wp\/v2\/product_tag?post=17680"}],"curies":[{"name":"wp","href":"https:\/\/api.w.org\/{rel}","templated":true}]}}