{"id":17682,"date":"2025-09-04T13:57:13","date_gmt":"2025-09-04T11:57:13","guid":{"rendered":"https:\/\/keune.ba\/webshop\/?post_type=product&#038;p=17682"},"modified":"2025-12-18T16:03:09","modified_gmt":"2025-12-18T15:03:09","slug":"silver-savior-silver-shampoo","status":"publish","type":"product","link":"https:\/\/keune.ba\/webshop\/silver-savior-silver-shampoo\/","title":{"rendered":"Silver Savior \u2014 Silver Shampoo"},"content":{"rendered":"<p>ZA\u0160TO DJELUJE<br \/>\n\u2192 Neutralizira topli izgled<br \/>\nLjubi\u010dasti pigmenti trenuta\u010dno umanjuju<br \/>\nizra\u017eenost \u017eutih tonova<br \/>\n\u2192 Osvje\u017eava hladne tonove plave i srebrne boje<br \/>\nPoja\u010dava jarkost i \u010disto\u0107u<br \/>\n\u2192 Nje\u017eno \u010disti bez isu\u0161ivanja<br \/>\nPoma\u017ee u odr\u017eavanju hidriranosti i meko\u0107e kose<br \/>\n\u2192 Pobolj\u0161ava sjaj i glatkost<br \/>\n\u010cini kosu otmjenom, osvje\u017eenom i blje\u0161tavo<\/p>\n<p>ZA KOGA JE<br \/>\nZa sve s hladno plavom ili platinastom kosom koji<br \/>\n\u017eele du\u017ee odr\u017eati ton svoje kose.<\/p>\n<p>REZULTATI<br \/>\n\u2192 Hladni tonovi traju du\u017ee<br \/>\n\u2192 Kosa je ja\u010da i obnovljena \u010dak i nakon izbjeljivanja<br \/>\ni svjetljenja<br \/>\n\u2192 Korekcija boje uklanja \u017eute, naran\u010daste i druge<br \/>\ntople tonove iz kose<br \/>\n\u2192 Daje sjaj i vi\u0161edimenzionalnost<\/p>\n<p>NA\u010cIN KORI\u0160TENJA<br \/>\nNanesite na vla\u017enu kosu, ostavite 1\u20132 minute, zatim<br \/>\ntemeljito isperite.<\/p>\n","protected":false},"excerpt":{"rendered":"<p>Neutralizirajte tople nijanse i poja\u010dajte sjaj uz Silver Savior Silver Shampoo, stru\u010dno<br \/>\nformuliran za \u010di\u0161\u0107enje, a istovremeno neutraliziranje \u017eutih i toplih podtonova u hladno<br \/>\nplavoj, srebrnoj i platinastoj kosi. Oboga\u0107en ljubi\u010dastim pigmentima i hranjivim<br \/>\nsastojcima, ovaj \u0161ampon rezultira \u010distom, hladno toniranom i blistavom kosom &#8211; bez<br \/>\nisu\u0161ivanja ili be\u017eivotnosti.<\/p>\n","protected":false},"featured_media":17586,"template":"","meta":{"_acf_changed":false},"product_brand":[],"product_cat":[704,657,699,663,750],"product_tag":[],"class_list":{"0":"post-17682","1":"product","2":"type-product","3":"status-publish","4":"has-post-thumbnail","6":"product_cat-care","7":"product_cat-njega-kose","8":"product_cat-robna-marka","9":"product_cat-sampon","10":"product_cat-silver-savior","12":"first","13":"instock","14":"taxable","15":"shipping-taxable","16":"purchasable","17":"product-type-simple"},"acf":[],"_links":{"self":[{"href":"https:\/\/keune.ba\/webshop\/wp-json\/wp\/v2\/product\/17682","targetHints":{"allow":["GET"]}}],"collection":[{"href":"https:\/\/keune.ba\/webshop\/wp-json\/wp\/v2\/product"}],"about":[{"href":"https:\/\/keune.ba\/webshop\/wp-json\/wp\/v2\/types\/product"}],"version-history":[{"count":1,"href":"https:\/\/keune.ba\/webshop\/wp-json\/wp\/v2\/product\/17682\/revisions"}],"predecessor-version":[{"id":17683,"href":"https:\/\/keune.ba\/webshop\/wp-json\/wp\/v2\/product\/17682\/revisions\/17683"}],"wp:featuredmedia":[{"embeddable":true,"href":"https:\/\/keune.ba\/webshop\/wp-json\/wp\/v2\/media\/17586"}],"wp:attachment":[{"href":"https:\/\/keune.ba\/webshop\/wp-json\/wp\/v2\/media?parent=17682"}],"wp:term":[{"taxonomy":"product_brand","embeddable":true,"href":"https:\/\/keune.ba\/webshop\/wp-json\/wp\/v2\/product_brand?post=17682"},{"taxonomy":"product_cat","embeddable":true,"href":"https:\/\/keune.ba\/webshop\/wp-json\/wp\/v2\/product_cat?post=17682"},{"taxonomy":"product_tag","embeddable":true,"href":"https:\/\/keune.ba\/webshop\/wp-json\/wp\/v2\/product_tag?post=17682"}],"curies":[{"name":"wp","href":"https:\/\/api.w.org\/{rel}","templated":true}]}}