{"id":17684,"date":"2025-09-04T13:57:13","date_gmt":"2025-09-04T11:57:13","guid":{"rendered":"https:\/\/keune.ba\/webshop\/?post_type=product&#038;p=17684"},"modified":"2025-12-18T16:03:09","modified_gmt":"2025-12-18T15:03:09","slug":"silver-savior-silver-conditioner","status":"publish","type":"product","link":"https:\/\/keune.ba\/webshop\/silver-savior-silver-conditioner\/","title":{"rendered":"Silver Savior \u2014 Silver Conditioner"},"content":{"rendered":"<p>ZA\u0160TO DJELUJE<br \/>\n\u2192 Ubla\u017eava i neutralizira topli izgled<br \/>\nDjeluje protiv \u017eutih i toplih tonova<br \/>\nza hladniji izgled<br \/>\n\u2192 Dubinski hidratizira i omek\u0161ava<br \/>\nNadomje\u0161ta hidriranost kako bi sprije\u010dila<br \/>\nsuho\u0107u i be\u017eivotnost kose<br \/>\n\u2192 Poja\u010dava sjaj zagla\u0111uje frizzy efekt<br \/>\n\u010cini kosu sjajnom, zagla\u0111enom i elegantnom<br \/>\n\u2192 \u0160titi boju i pobolj\u0161ava vibrantnost<br \/>\n\u010cini plave i srebrne tonove svje\u017eima <\/p>\n<p>ZA KOGA JE<br \/>\nZa sve s hladno plavom ili platinastom kosom koji<br \/>\n\u017eele du\u017ee odr\u017eati ton svoje kose.<\/p>\n<p>REZULTATI<br \/>\n\u2192 Hladni tonovi traju du\u017ee<br \/>\n\u2192 Kosa je ja\u010da i obnovljena \u010dak i nakon izbjeljivanje<br \/>\ni svjetljenja<br \/>\n\u2192 Korekcija boje odbacuje \u017eute, mjedene i druge<br \/>\ntople tonove iz kose<br \/>\n\u2192 Daje sjaj i vi\u0161edimenzionalnost<\/p>\n<p>NA\u010cIN KORI\u0160TENJA<br \/>\nNanesite na \u0161amponiranu kosu, ostavite 1\u20133 minute<br \/>\ni zatim temeljito isperite.<\/p>\n","protected":false},"excerpt":{"rendered":"<p>Odr\u017eite svoj savr\u0161eni ton koriste\u0107i Silver Savior Silver Conditioner, posebno dizajniran<br \/>\nza neutraliziranje toplog izgleda, hidratiziranje i pobolj\u0161anje sjaja za hladno plavu,<br \/>\nsrebrnu i platinastu kosu. Puna ljubi\u010dastih pigmenta i hranjivih sastojaka, ova bogata,<br \/>\nkremasta formula obnavlja hladne tonove, dok istovremeno \u010dini kosu svilenkasto<br \/>\nglatkom, mekom i blje\u0161tavom.<\/p>\n","protected":false},"featured_media":17587,"template":"","meta":{"_acf_changed":false},"product_brand":[],"product_cat":[704,657,664,699,750],"product_tag":[],"class_list":{"0":"post-17684","1":"product","2":"type-product","3":"status-publish","4":"has-post-thumbnail","6":"product_cat-care","7":"product_cat-njega-kose","8":"product_cat-regenerator","9":"product_cat-robna-marka","10":"product_cat-silver-savior","12":"first","13":"instock","14":"taxable","15":"shipping-taxable","16":"purchasable","17":"product-type-simple"},"acf":[],"_links":{"self":[{"href":"https:\/\/keune.ba\/webshop\/wp-json\/wp\/v2\/product\/17684","targetHints":{"allow":["GET"]}}],"collection":[{"href":"https:\/\/keune.ba\/webshop\/wp-json\/wp\/v2\/product"}],"about":[{"href":"https:\/\/keune.ba\/webshop\/wp-json\/wp\/v2\/types\/product"}],"version-history":[{"count":1,"href":"https:\/\/keune.ba\/webshop\/wp-json\/wp\/v2\/product\/17684\/revisions"}],"predecessor-version":[{"id":17685,"href":"https:\/\/keune.ba\/webshop\/wp-json\/wp\/v2\/product\/17684\/revisions\/17685"}],"wp:featuredmedia":[{"embeddable":true,"href":"https:\/\/keune.ba\/webshop\/wp-json\/wp\/v2\/media\/17587"}],"wp:attachment":[{"href":"https:\/\/keune.ba\/webshop\/wp-json\/wp\/v2\/media?parent=17684"}],"wp:term":[{"taxonomy":"product_brand","embeddable":true,"href":"https:\/\/keune.ba\/webshop\/wp-json\/wp\/v2\/product_brand?post=17684"},{"taxonomy":"product_cat","embeddable":true,"href":"https:\/\/keune.ba\/webshop\/wp-json\/wp\/v2\/product_cat?post=17684"},{"taxonomy":"product_tag","embeddable":true,"href":"https:\/\/keune.ba\/webshop\/wp-json\/wp\/v2\/product_tag?post=17684"}],"curies":[{"name":"wp","href":"https:\/\/api.w.org\/{rel}","templated":true}]}}