{"id":17686,"date":"2025-09-04T13:57:13","date_gmt":"2025-09-04T11:57:13","guid":{"rendered":"https:\/\/keune.ba\/webshop\/?post_type=product&#038;p=17686"},"modified":"2025-12-18T16:03:09","modified_gmt":"2025-12-18T15:03:09","slug":"scalp-sensitive-soothing-shampoo","status":"publish","type":"product","link":"https:\/\/keune.ba\/webshop\/scalp-sensitive-soothing-shampoo\/","title":{"rendered":"Scalp Sensitive \u2014 Soothing Shampoo"},"content":{"rendered":"<p>ZA\u0160TO DJELUJE<br \/>\n\u2192 Iznimno nje\u017ena neiritiraju\u0107a formula<br \/>\nSavr\u0161en za osjetljivu, reaktivnu ko\u017eu<br \/>\n\u2192 Umiruje crvenilo, svrbe\u017e i osje\u0107aj nelagode<br \/>\nTrenuta\u010dno umiruje vlasi\u0161te<br \/>\n\u2192 Bez mirisa i dermatolo\u0161ki testiran<br \/>\nSiguran za osjetljivu i alergijama sklonu ko\u017eu<br \/>\n\u2192 Odr\u017eava ravnote\u017eu vla\u017enosti kose i vlasi\u0161ta<br \/>\n\u010cisti ne uklanjaju\u0107i esencijalna ulja<\/p>\n<p>ZA KOGA JE<br \/>\nPogodan je za osjetljivu, alergijama sklonu i<br \/>\nreaktivnu kosu ili za svaku osobu koja ima problem<br \/>\ncrvenila i iritacije vlasi\u0161ta od proizvoda za njegu<br \/>\nkose i vlasi\u0161ta.<\/p>\n<p>REZULTATI<br \/>\n\u2192 100% je primijetilo odr\u017eavanje ravnote\u017ee vlage*<br \/>\n\u2192 100% je zamijetilo umireno vlasi\u0161te<br \/>\n\u2192 100% je zabilje\u017eilo mek\u0161u kosu, lak\u0161u za<br \/>\nodr\u017eavanje<\/p>\n<p>Nakon 1 uporabe*:<br \/>\n\u2192 Osje\u0107aj zategnutosti i nelagode na vlasi\u0161tu su<br \/>\numanjeni<br \/>\n\u2192 Umiren je svrbe\u017e na vlasi\u0161tu<br \/>\n\u2192 Umanjeno je vidno crvenilo<br \/>\n\u2192 Dubinski je hidratiziraju\u0107e<br \/>\n\u2192 \u010cini kosu mekom i lak\u0161om za odr\u017eavan<\/p>\n<p>NA\u010cIN KORI\u0160TENJA<br \/>\nNanesite na vla\u017enu kosu, zapjenite i isperite.<br \/>\nPonovite ako je potrebno.<\/p>\n<p>*Iz neovisnog klini\u010dkog istra\u017eivanja<\/p>\n","protected":false},"excerpt":{"rendered":"<p>Umirite i za\u0161titite s \u0161amponom Soothing Shampoo, formuliranim da nje\u017eno \u010disti ne<br \/>\niritiraju\u0107i. Idealan za osjetljiva, alergijama sklona ili reaktivna vlasi\u0161ta, ovaj iznimno blagi<br \/>\n\u0161ampon umiruje osje\u0107aj nelagode, umanjuje crvenilo i odr\u017eava prirodnu ravnote\u017eu<br \/>\nvlasi\u0161ta.<\/p>\n","protected":false},"featured_media":17588,"template":"","meta":{"_acf_changed":false},"product_brand":[],"product_cat":[704,657,699,663,864],"product_tag":[],"class_list":{"0":"post-17686","1":"product","2":"type-product","3":"status-publish","4":"has-post-thumbnail","6":"product_cat-care","7":"product_cat-njega-kose","8":"product_cat-robna-marka","9":"product_cat-sampon","10":"product_cat-scalp-sensitive","12":"first","13":"instock","14":"taxable","15":"shipping-taxable","16":"purchasable","17":"product-type-simple"},"acf":[],"_links":{"self":[{"href":"https:\/\/keune.ba\/webshop\/wp-json\/wp\/v2\/product\/17686","targetHints":{"allow":["GET"]}}],"collection":[{"href":"https:\/\/keune.ba\/webshop\/wp-json\/wp\/v2\/product"}],"about":[{"href":"https:\/\/keune.ba\/webshop\/wp-json\/wp\/v2\/types\/product"}],"version-history":[{"count":1,"href":"https:\/\/keune.ba\/webshop\/wp-json\/wp\/v2\/product\/17686\/revisions"}],"predecessor-version":[{"id":17687,"href":"https:\/\/keune.ba\/webshop\/wp-json\/wp\/v2\/product\/17686\/revisions\/17687"}],"wp:featuredmedia":[{"embeddable":true,"href":"https:\/\/keune.ba\/webshop\/wp-json\/wp\/v2\/media\/17588"}],"wp:attachment":[{"href":"https:\/\/keune.ba\/webshop\/wp-json\/wp\/v2\/media?parent=17686"}],"wp:term":[{"taxonomy":"product_brand","embeddable":true,"href":"https:\/\/keune.ba\/webshop\/wp-json\/wp\/v2\/product_brand?post=17686"},{"taxonomy":"product_cat","embeddable":true,"href":"https:\/\/keune.ba\/webshop\/wp-json\/wp\/v2\/product_cat?post=17686"},{"taxonomy":"product_tag","embeddable":true,"href":"https:\/\/keune.ba\/webshop\/wp-json\/wp\/v2\/product_tag?post=17686"}],"curies":[{"name":"wp","href":"https:\/\/api.w.org\/{rel}","templated":true}]}}