{"id":17688,"date":"2025-09-04T13:57:13","date_gmt":"2025-09-04T11:57:13","guid":{"rendered":"https:\/\/keune.ba\/webshop\/?post_type=product&#038;p=17688"},"modified":"2025-12-18T16:03:09","modified_gmt":"2025-12-18T15:03:09","slug":"scalp-sensitive-soothing-serum","status":"publish","type":"product","link":"https:\/\/keune.ba\/webshop\/scalp-sensitive-soothing-serum\/","title":{"rendered":"Scalp Sensitive \u2014 Soothing Serum"},"content":{"rendered":"<p>ZA\u0160TO DJELUJE<br \/>\n\u2192 Umiruje osjetljivost i iritacije<br \/>\nTrenuta\u010dno umiruje svrbe\u017e, crvenilo i osje\u0107aj<br \/>\nnelagode<br \/>\n\u2192 Bez mirisa i dermatolo\u0161ki testiran<br \/>\nDovoljno je nje\u017ean za alergijama sklonu,<br \/>\nreaktivnu ko\u017eu<br \/>\n\u2192 Lagana, nemasna tekstura<br \/>\nBrzo se apsorbira bez taloga ili nakupina<br \/>\n\u2192 Osna\u017euje barijeru vlasi\u0161ta<br \/>\nPoma\u017ee u \u0161ti\u0107enju od okoli\u0161nih utjecaja i upala<\/p>\n<p>ZA KOGA JE<br \/>\nPogodan je za osjetljivu, alergijama sklonu<br \/>\ni reaktivnu kosu ili za svaku osobu koja ima problem<br \/>\ncrvenila i iritacije vlasi\u0161ta od proizvoda za njegu<br \/>\nkose i vlasi\u0161ta.<\/p>\n<p>REZULTATI<br \/>\n\u2192 100% je primijetilo odr\u017eavanje ravnote\u017ee vlage**<br \/>\n\u2192 100% je zamijetilo umireno vlasi\u0161te<br \/>\n\u2192 100% je zabilje\u017eilo mek\u0161u kosu, lak\u0161u za<br \/>\nodr\u017eavanje<br \/>\nNakon 1 uporabe*:<br \/>\n\u2192 Osje\u0107aj zategnutosti i nelagode na vlasi\u0161tu su<br \/>\numanjeni<br \/>\n\u2192 Umiren je svrbe\u017e na vlasi\u0161tu<br \/>\n\u2192 Umanjeno je vidno crvenilo<br \/>\n\u2192 Dubinski je hidratiziraju\u0107e<br \/>\n\u2192 \u010cini kosu mekom i lak\u0161om za odr\u017eavanje<\/p>\n<p>NA\u010cIN KORI\u0160TENJA<br \/>\nOperite koriste\u0107i Scalp Soothing Shampoo i<br \/>\nConditioner. Osu\u0161ite ru\u010dnikom i nanesite na vlasi\u0161te<br \/>\ndio po dio. Nje\u017eno umasirajte. Nemojte ispirati.<br \/>\nMo\u017ee se koristiti prije tehni\u010dkih usluga kako bi<br \/>\nse za\u0161titilo vlasi\u0161te i nakon tehni\u010dkih usluga radi<br \/>\numirivanja.<\/p>\n<p>*Iz neovisnog klini\u010dkog istra\u017eivanja<\/p>\n","protected":false},"excerpt":{"rendered":"<p>Umirite i za\u0161titite va\u0161e vlasi\u0161te koriste\u0107i Soothing Serum, laganu formulu koja se<br \/>\nbrzo apsorbira i dizajnirana je da umiri iritacije, umanji crvenilo i obnovi ravnote\u017eu<br \/>\ni u najosjetljivijih vlasi\u0161ta. Formuliran bez mirisa ili te\u0161kih sastojaka, ovaj ciljani<br \/>\nserum donosi trenuta\u010dno olak\u0161anje i dugoro\u010dni osje\u0107aj ugode, \u010dime poma\u017ee u<br \/>\noja\u010davanju prirodne barijere vlasi\u0161ta i podr\u017eavanju sveukupnog zdravlja vlasi\u0161ta.<\/p>\n","protected":false},"featured_media":17589,"template":"","meta":{"_acf_changed":false},"product_brand":[],"product_cat":[704,657,699,864,671],"product_tag":[],"class_list":{"0":"post-17688","1":"product","2":"type-product","3":"status-publish","4":"has-post-thumbnail","6":"product_cat-care","7":"product_cat-njega-kose","8":"product_cat-robna-marka","9":"product_cat-scalp-sensitive","10":"product_cat-serum","12":"first","13":"instock","14":"taxable","15":"shipping-taxable","16":"purchasable","17":"product-type-simple"},"acf":[],"_links":{"self":[{"href":"https:\/\/keune.ba\/webshop\/wp-json\/wp\/v2\/product\/17688","targetHints":{"allow":["GET"]}}],"collection":[{"href":"https:\/\/keune.ba\/webshop\/wp-json\/wp\/v2\/product"}],"about":[{"href":"https:\/\/keune.ba\/webshop\/wp-json\/wp\/v2\/types\/product"}],"version-history":[{"count":1,"href":"https:\/\/keune.ba\/webshop\/wp-json\/wp\/v2\/product\/17688\/revisions"}],"predecessor-version":[{"id":17689,"href":"https:\/\/keune.ba\/webshop\/wp-json\/wp\/v2\/product\/17688\/revisions\/17689"}],"wp:featuredmedia":[{"embeddable":true,"href":"https:\/\/keune.ba\/webshop\/wp-json\/wp\/v2\/media\/17589"}],"wp:attachment":[{"href":"https:\/\/keune.ba\/webshop\/wp-json\/wp\/v2\/media?parent=17688"}],"wp:term":[{"taxonomy":"product_brand","embeddable":true,"href":"https:\/\/keune.ba\/webshop\/wp-json\/wp\/v2\/product_brand?post=17688"},{"taxonomy":"product_cat","embeddable":true,"href":"https:\/\/keune.ba\/webshop\/wp-json\/wp\/v2\/product_cat?post=17688"},{"taxonomy":"product_tag","embeddable":true,"href":"https:\/\/keune.ba\/webshop\/wp-json\/wp\/v2\/product_tag?post=17688"}],"curies":[{"name":"wp","href":"https:\/\/api.w.org\/{rel}","templated":true}]}}