{"id":17690,"date":"2025-09-04T13:57:13","date_gmt":"2025-09-04T11:57:13","guid":{"rendered":"https:\/\/keune.ba\/webshop\/?post_type=product&#038;p=17690"},"modified":"2025-12-18T16:03:09","modified_gmt":"2025-12-18T15:03:09","slug":"scalp-sensitive-soothing-conditioner","status":"publish","type":"product","link":"https:\/\/keune.ba\/webshop\/scalp-sensitive-soothing-conditioner\/","title":{"rendered":"Scalp Sensitive \u2014 Soothing Conditioner"},"content":{"rendered":"<p>ZA\u0160TO DJELUJE<br \/>\n\u2192 Dermatolo\u0161ki testiran i bez mirisa<br \/>\nSiguran i za najosjetljivija vlasi\u0161ta<br \/>\n\u2192 Umiruje svrbe\u017e, crvenilo i iritacije<br \/>\nUmiruje i ubla\u017eava svakom uporabom<br \/>\n\u2192 Hidratizira ne ote\u017eavaju\u0107i<br \/>\n\u010cini kosu mekom, lakom za odr\u017eavanje<br \/>\ni ne ote\u017eava<br \/>\n\u2192 Podr\u017eava zdravlje vlasi\u0161ta i funkcioniranje barijere<br \/>\nPromovira dugotrajni osje\u0107aj ugodnosti i ravnote\u017eu<\/p>\n<p>ZA KOGA JE<br \/>\nPogodan je za osjetljivu, alergijama sklonu<br \/>\ni reaktivnu kosu ili za svaku osobu koja ima problem<br \/>\ncrvenila i iritacije vlasi\u0161ta od proizvoda za njegu<br \/>\nkose i vlasi\u0161ta.<\/p>\n<p>REZULTATI<br \/>\n\u2192 100% je primijetilo odr\u017eavanje ravnote\u017ee vlage*<br \/>\n\u2192 100% je zamijetilo umireno vlasi\u0161te<br \/>\n\u2192 100% je zabilje\u017eilo mek\u0161u kosu, lak\u0161u<br \/>\nza odr\u017eavanje<\/p>\n<p>Nakon 1 uporabe*:<br \/>\n\u2192 Osje\u0107aj zategnutosti i nelagode na vlasi\u0161tu<br \/>\nsu umanjeni<br \/>\n\u2192 Umiren je svrbe\u017e na vlasi\u0161tu<br \/>\n\u2192 Umanjeno je vidno crvenilo<br \/>\n\u2192 Dubinski je hidratiziraju\u0107e<br \/>\n\u2192 \u010cini kosu mekom i lak\u0161om za odr\u017eava<\/p>\n<p>NA\u010cIN KORI\u0160TENJA<br \/>\nNanesite na \u0161amponiranu kosu, ostavite 1\u20133<br \/>\nminute, zatim temeljito isperite.<\/p>\n<p>*Iz neovisnog klini\u010dkog istra\u017eivanja<\/p>\n","protected":false},"excerpt":{"rendered":"<p>Tretirajte svoju kosu i vlasi\u0161te najnje\u017enijim dodirom koriste\u0107i Soothing Conditioner.<br \/>\nFormuliran za osjetljivu, alergijama sklonu ili neuravnote\u017eenu ko\u017eu, ovaj iznimno blagi<br \/>\nregenerator pru\u017ea laganu hidrataciju i umiruju\u0107e olak\u0161anje bez iritacije. Omek\u0161ava i<br \/>\nrazmrsuje kosu dok istovremeno umiruje vlasi\u0161te i oja\u010dava prirodnu barijeru ko\u017e<\/p>\n","protected":false},"featured_media":17590,"template":"","meta":{"_acf_changed":false},"product_brand":[],"product_cat":[704,657,664,699,864],"product_tag":[],"class_list":{"0":"post-17690","1":"product","2":"type-product","3":"status-publish","4":"has-post-thumbnail","6":"product_cat-care","7":"product_cat-njega-kose","8":"product_cat-regenerator","9":"product_cat-robna-marka","10":"product_cat-scalp-sensitive","12":"first","13":"instock","14":"taxable","15":"shipping-taxable","16":"purchasable","17":"product-type-simple"},"acf":[],"_links":{"self":[{"href":"https:\/\/keune.ba\/webshop\/wp-json\/wp\/v2\/product\/17690","targetHints":{"allow":["GET"]}}],"collection":[{"href":"https:\/\/keune.ba\/webshop\/wp-json\/wp\/v2\/product"}],"about":[{"href":"https:\/\/keune.ba\/webshop\/wp-json\/wp\/v2\/types\/product"}],"version-history":[{"count":1,"href":"https:\/\/keune.ba\/webshop\/wp-json\/wp\/v2\/product\/17690\/revisions"}],"predecessor-version":[{"id":17691,"href":"https:\/\/keune.ba\/webshop\/wp-json\/wp\/v2\/product\/17690\/revisions\/17691"}],"wp:featuredmedia":[{"embeddable":true,"href":"https:\/\/keune.ba\/webshop\/wp-json\/wp\/v2\/media\/17590"}],"wp:attachment":[{"href":"https:\/\/keune.ba\/webshop\/wp-json\/wp\/v2\/media?parent=17690"}],"wp:term":[{"taxonomy":"product_brand","embeddable":true,"href":"https:\/\/keune.ba\/webshop\/wp-json\/wp\/v2\/product_brand?post=17690"},{"taxonomy":"product_cat","embeddable":true,"href":"https:\/\/keune.ba\/webshop\/wp-json\/wp\/v2\/product_cat?post=17690"},{"taxonomy":"product_tag","embeddable":true,"href":"https:\/\/keune.ba\/webshop\/wp-json\/wp\/v2\/product_tag?post=17690"}],"curies":[{"name":"wp","href":"https:\/\/api.w.org\/{rel}","templated":true}]}}