{"id":17692,"date":"2025-09-04T13:57:13","date_gmt":"2025-09-04T11:57:13","guid":{"rendered":"https:\/\/keune.ba\/webshop\/?post_type=product&#038;p=17692"},"modified":"2025-12-18T16:03:09","modified_gmt":"2025-12-18T15:03:09","slug":"silver-savior-silver-foam-treatment","status":"publish","type":"product","link":"https:\/\/keune.ba\/webshop\/silver-savior-silver-foam-treatment\/","title":{"rendered":"Silver Savior \u2014 Silver Foam Treatment"},"content":{"rendered":"<p>ZA\u0160TO DJELUJE<br \/>\n\u2192 Trenuta\u010dno neutralizira \u017eute i tople tonove<br \/>\nLjubi\u010dasti pigmenti korigiraju toplu u hladniju,<br \/>\n\u010distiju plavu boju<br \/>\n\u2192 Hidratacija i meko\u0107a bez ote\u017eavanja<br \/>\nRegenerira bez ote\u017eavanja ili naslaga<br \/>\n\u2192 Dodaje sjaj i zagla\u0111uje frizzy efekt<br \/>\n\u010cini kosu sjajnom, na dodir ugodnom<br \/>\ni osvje\u017eenom<\/p>\n<p>ZA KOGA JE<br \/>\nZa sve s hladno plavom ili platinastom kosom koji<br \/>\n\u017eele du\u017ee odr\u017eati ton svoje kose.<\/p>\n<p>REZULTATI<br \/>\n\u2192 Hladni tonovi traju du\u017ee<br \/>\n\u2192 Kosa je ja\u010da i obnovljena \u010dak i nakon izbjeljivanja<br \/>\ni svjetljenja<br \/>\n\u2192 Korekcija boje uklanja \u017eute, naran\u010daste i druge<br \/>\ntople tonove iz kose<br \/>\n\u2192 Daje sjaj i vi\u0161edimenzionalnost<\/p>\n<p>NA\u010cIN KORI\u0160TENJA<br \/>\nDobro protresite i rasporedite po vla\u017enoj kosi.<br \/>\nStilizirajte prema \u017eelji.<\/p>\n","protected":false},"excerpt":{"rendered":"<p>Osvje\u017eite svoju boju i poja\u010dajte svoj sjaj koriste\u0107i Silver Savior Silver Foam<br \/>\nTreatment, laganu formulu koja se ne ispire i neutralizira topli izgled te pobolj\u0161ava<br \/>\nhladne tonove u hladno plavoj, srebrnoj i platinastoj kosi. Ovaj prozra\u010dni tretman nalik<br \/>\nmousseu donosi ravnomjernu raspodjelu ljubi\u010dastog pigmenta, dok istovremeno<br \/>\nosigurava blagu hidrataciju i snagu.<\/p>\n","protected":false},"featured_media":17591,"template":"","meta":{"_acf_changed":false},"product_brand":[],"product_cat":[704,657,699,750,673],"product_tag":[],"class_list":{"0":"post-17692","1":"product","2":"type-product","3":"status-publish","4":"has-post-thumbnail","6":"product_cat-care","7":"product_cat-njega-kose","8":"product_cat-robna-marka","9":"product_cat-silver-savior","10":"product_cat-tretman","12":"first","13":"instock","14":"taxable","15":"shipping-taxable","16":"purchasable","17":"product-type-simple"},"acf":[],"_links":{"self":[{"href":"https:\/\/keune.ba\/webshop\/wp-json\/wp\/v2\/product\/17692","targetHints":{"allow":["GET"]}}],"collection":[{"href":"https:\/\/keune.ba\/webshop\/wp-json\/wp\/v2\/product"}],"about":[{"href":"https:\/\/keune.ba\/webshop\/wp-json\/wp\/v2\/types\/product"}],"version-history":[{"count":1,"href":"https:\/\/keune.ba\/webshop\/wp-json\/wp\/v2\/product\/17692\/revisions"}],"predecessor-version":[{"id":17693,"href":"https:\/\/keune.ba\/webshop\/wp-json\/wp\/v2\/product\/17692\/revisions\/17693"}],"wp:featuredmedia":[{"embeddable":true,"href":"https:\/\/keune.ba\/webshop\/wp-json\/wp\/v2\/media\/17591"}],"wp:attachment":[{"href":"https:\/\/keune.ba\/webshop\/wp-json\/wp\/v2\/media?parent=17692"}],"wp:term":[{"taxonomy":"product_brand","embeddable":true,"href":"https:\/\/keune.ba\/webshop\/wp-json\/wp\/v2\/product_brand?post=17692"},{"taxonomy":"product_cat","embeddable":true,"href":"https:\/\/keune.ba\/webshop\/wp-json\/wp\/v2\/product_cat?post=17692"},{"taxonomy":"product_tag","embeddable":true,"href":"https:\/\/keune.ba\/webshop\/wp-json\/wp\/v2\/product_tag?post=17692"}],"curies":[{"name":"wp","href":"https:\/\/api.w.org\/{rel}","templated":true}]}}