{"id":17694,"date":"2025-09-04T13:57:13","date_gmt":"2025-09-04T11:57:13","guid":{"rendered":"https:\/\/keune.ba\/webshop\/?post_type=product&#038;p=17694"},"modified":"2025-12-18T16:03:09","modified_gmt":"2025-12-18T15:03:09","slug":"blonde-savior-brightening-shampoo","status":"publish","type":"product","link":"https:\/\/keune.ba\/webshop\/blonde-savior-brightening-shampoo\/","title":{"rendered":"Blonde Savior \u2014 Brightening Shampoo"},"content":{"rendered":"<p>ZA\u0160TO DJELUJE<br \/>\n\u2192 Poja\u010dava svjetlinu i \u010disto\u0107u<br \/>\nO\u017eivljava zasi\u0107ene plave tonove, za svijetao<br \/>\nizgled<br \/>\n\u2192 Nje\u017eno \u010disti bez isu\u0161ivanja<br \/>\nOdr\u017eava meko\u0107u i integritet boje<br \/>\n\u2192 Pobolj\u0161ava sjaj i reflektiranje svjetlosti<br \/>\n\u010cini kosu sjajnom, svilenkastom i svijetlom<br \/>\n\u2192 Savr\u0161eno za \u010destu uporabu<br \/>\nOdr\u017eava plavu kosu dugotrajnom izme\u0111u<br \/>\nposjeta salonu<\/p>\n<p>ZA KOGA JE<br \/>\nZa sve s plavom ili kosom s pramenovima koji \u017eele<br \/>\ndu\u017ee odr\u017eati ton svoje boje kose.<\/p>\n<p>REZULTATI<\/p>\n<p>\u2192 Bilje\u017ei se 83% manje pucanja kose*<br \/>\n\u2192 Popravlja 79% o\u0161te\u0107enja od izbjeljivanja**<br \/>\n\u2192 Posvjetljuje kosu s djelovanjem protiv<br \/>\nzasi\u0107enosti<br \/>\n\u2192 \u010cisti i uklanja nakupine iz pora kose<br \/>\n\u2192 Hrani i osna\u017euje kosu<br \/>\n\u2192 Daje 3-dimenzionalni sjaj ne ote\u017eavaju\u0107i kosu<\/p>\n<p>NA\u010cIN KORI\u0160TENJA<br \/>\nNanesite na vla\u017enu kosu, zapjenite i isperite.<br \/>\nPonovite ako je potrebno.<\/p>\n<p>*Na osnovi instrumentalnog testa nakon 1 rutinskog tretmana sa s proizvodima Blonde Savior (\u0161ampon + maska + leave-in)<br \/>\n**Na osnovi instrumentalnog testa nakon 3 rutinska tretmana sa s proizvodima Blonde Savior (\u0161ampon + maska + leave-in).<\/p>\n","protected":false},"excerpt":{"rendered":"<p>Istaknite najbolje u svojoj plavoj boji koriste\u0107i Blonde Savior Brightening Shampoo,<br \/>\nformuliran da nje\u017eno \u010disti dok istovremeno pobolj\u0161ava svjetlo\u0107u i poja\u010dava intenzitet<br \/>\nboje. Savr\u0161en za prirodnu blond kosu, izbijeljenu ili kosu s plavim pramenovima,<br \/>\novaj \u0161ampon poma\u017ee u uklanjanju naslaga koji uzrokuju be\u017eivotnost i pobolj\u0161ava<br \/>\nreflektiranje svjetlosti<\/p>\n","protected":false},"featured_media":17592,"template":"","meta":{"_acf_changed":false},"product_brand":[],"product_cat":[821,704,657,699,663],"product_tag":[],"class_list":{"0":"post-17694","1":"product","2":"type-product","3":"status-publish","4":"has-post-thumbnail","6":"product_cat-blonde-savior","7":"product_cat-care","8":"product_cat-njega-kose","9":"product_cat-robna-marka","10":"product_cat-sampon","12":"first","13":"instock","14":"taxable","15":"shipping-taxable","16":"purchasable","17":"product-type-simple"},"acf":[],"_links":{"self":[{"href":"https:\/\/keune.ba\/webshop\/wp-json\/wp\/v2\/product\/17694","targetHints":{"allow":["GET"]}}],"collection":[{"href":"https:\/\/keune.ba\/webshop\/wp-json\/wp\/v2\/product"}],"about":[{"href":"https:\/\/keune.ba\/webshop\/wp-json\/wp\/v2\/types\/product"}],"version-history":[{"count":1,"href":"https:\/\/keune.ba\/webshop\/wp-json\/wp\/v2\/product\/17694\/revisions"}],"predecessor-version":[{"id":17695,"href":"https:\/\/keune.ba\/webshop\/wp-json\/wp\/v2\/product\/17694\/revisions\/17695"}],"wp:featuredmedia":[{"embeddable":true,"href":"https:\/\/keune.ba\/webshop\/wp-json\/wp\/v2\/media\/17592"}],"wp:attachment":[{"href":"https:\/\/keune.ba\/webshop\/wp-json\/wp\/v2\/media?parent=17694"}],"wp:term":[{"taxonomy":"product_brand","embeddable":true,"href":"https:\/\/keune.ba\/webshop\/wp-json\/wp\/v2\/product_brand?post=17694"},{"taxonomy":"product_cat","embeddable":true,"href":"https:\/\/keune.ba\/webshop\/wp-json\/wp\/v2\/product_cat?post=17694"},{"taxonomy":"product_tag","embeddable":true,"href":"https:\/\/keune.ba\/webshop\/wp-json\/wp\/v2\/product_tag?post=17694"}],"curies":[{"name":"wp","href":"https:\/\/api.w.org\/{rel}","templated":true}]}}