{"id":17698,"date":"2025-09-04T13:57:13","date_gmt":"2025-09-04T11:57:13","guid":{"rendered":"https:\/\/keune.ba\/webshop\/?post_type=product&#038;p=17698"},"modified":"2025-12-18T16:03:12","modified_gmt":"2025-12-18T15:03:12","slug":"blonde-savior-repairing-leave-in-treatment","status":"publish","type":"product","link":"https:\/\/keune.ba\/webshop\/blonde-savior-repairing-leave-in-treatment\/","title":{"rendered":"Blonde Savior \u2014 Repairing Leave-in Treatment"},"content":{"rendered":"<p>ZA\u0160TO DJELUJE<br \/>\n\u2192 Obnavlja svjetlinu i \u010disto\u0107u<br \/>\nO\u017eivljava zasi\u0107ene plave tonove, za svje\u017e,<br \/>\nsvijetao izgled<br \/>\n\u2192 Osna\u017euje i ponovno izgra\u0111uje o\u0161te\u0107enu kosu<br \/>\nPoma\u017ee u popravljanju pucanja i oja\u010dava<br \/>\nstrukturu kose<br \/>\n\u2192 Hidratizira i zagla\u0111uje<br \/>\n\u010cini kosu svilenkasto mekom, lakom<br \/>\nza odr\u017eavanje i slobodnom od frizzy efekta<br \/>\n\u2192 \u0160titi kosu<br \/>\n\u0160titi kosu od okoli\u0161nog stresa i topline<\/p>\n<p>ZA KOGA JE<br \/>\nZa sve s plavom ili kosom s pramenovima koji \u017eele<br \/>\ndu\u017ee odr\u017eati ton svoje boje kose.<\/p>\n<p>REZULTATI<br \/>\n\u2192 Bilje\u017ei se 83% manje pucanja kose*<br \/>\n\u2192 Popravlja 79% o\u0161te\u0107enja od izbjeljivanje**<br \/>\n\u2192 Posvjetljuje kosu s djelovanjem protiv<br \/>\nzasi\u0107enosti<br \/>\n\u2192 \u010cisti i uklanja nakupine iz pora kose<br \/>\n\u2192 Hrani i osna\u017euje kosu<br \/>\n\u2192 Daje 3-dimenzionalni sjaj ne ote\u017eavaju\u0107i kosu<\/p>\n<p>NA\u010cIN KORI\u0160TENJA<br \/>\nNanesite koli\u010dinu od jednog ili dva potiska na \u010distu,<br \/>\nru\u010dnikom osu\u0161enu kosu i nemojte ispirati. Stilizirajte<br \/>\nprema \u017eelji.<\/p>\n<p>*Na osnovi instrumentalnog testa nakon 1 rutinskog tretmana s proizvodima Blonde Savior (\u0161ampon + maska + leave-in). **Na osnovi instrumentalnog testa nakon 3 rutinska tretmana s proizvodima Blonde Savior (\u0161ampon + maska + leavein)<\/p>\n","protected":false},"excerpt":{"rendered":"<p>Osna\u017eite i posvijetlite svoju plavu boju koriste\u0107i Blonde Savior Repairing Leave-<br \/>\nin Treatment, mo\u0107nu formulu koja o\u017eivljava svjetlo\u0107u dok istovremeno obnavlja<br \/>\no\u0161te\u0107ene, prekomjerno tretirane vlasi. Savr\u0161en za izbijeljenu, obojanu ili plavu kosu<br \/>\ns pramenovima, ovaj tretman dubinski hrani, zagla\u0111uje i oja\u010dava vlasi kose.<\/p>\n","protected":false},"featured_media":17594,"template":"","meta":{"_acf_changed":false},"product_brand":[],"product_cat":[821,704,674,657,699],"product_tag":[],"class_list":{"0":"post-17698","1":"product","2":"type-product","3":"status-publish","4":"has-post-thumbnail","6":"product_cat-blonde-savior","7":"product_cat-care","8":"product_cat-leave-in-regenerator","9":"product_cat-njega-kose","10":"product_cat-robna-marka","12":"first","13":"instock","14":"taxable","15":"shipping-taxable","16":"purchasable","17":"product-type-simple"},"acf":[],"_links":{"self":[{"href":"https:\/\/keune.ba\/webshop\/wp-json\/wp\/v2\/product\/17698","targetHints":{"allow":["GET"]}}],"collection":[{"href":"https:\/\/keune.ba\/webshop\/wp-json\/wp\/v2\/product"}],"about":[{"href":"https:\/\/keune.ba\/webshop\/wp-json\/wp\/v2\/types\/product"}],"version-history":[{"count":1,"href":"https:\/\/keune.ba\/webshop\/wp-json\/wp\/v2\/product\/17698\/revisions"}],"predecessor-version":[{"id":17699,"href":"https:\/\/keune.ba\/webshop\/wp-json\/wp\/v2\/product\/17698\/revisions\/17699"}],"wp:featuredmedia":[{"embeddable":true,"href":"https:\/\/keune.ba\/webshop\/wp-json\/wp\/v2\/media\/17594"}],"wp:attachment":[{"href":"https:\/\/keune.ba\/webshop\/wp-json\/wp\/v2\/media?parent=17698"}],"wp:term":[{"taxonomy":"product_brand","embeddable":true,"href":"https:\/\/keune.ba\/webshop\/wp-json\/wp\/v2\/product_brand?post=17698"},{"taxonomy":"product_cat","embeddable":true,"href":"https:\/\/keune.ba\/webshop\/wp-json\/wp\/v2\/product_cat?post=17698"},{"taxonomy":"product_tag","embeddable":true,"href":"https:\/\/keune.ba\/webshop\/wp-json\/wp\/v2\/product_tag?post=17698"}],"curies":[{"name":"wp","href":"https:\/\/api.w.org\/{rel}","templated":true}]}}