{"id":17700,"date":"2025-09-04T13:57:13","date_gmt":"2025-09-04T11:57:13","guid":{"rendered":"https:\/\/keune.ba\/webshop\/?post_type=product&#038;p=17700"},"modified":"2025-12-18T16:03:12","modified_gmt":"2025-12-18T15:03:12","slug":"confident-curl-curl-enhancing-shampoo","status":"publish","type":"product","link":"https:\/\/keune.ba\/webshop\/confident-curl-curl-enhancing-shampoo\/","title":{"rendered":"Confident Curl \u2014 Curl Enhancing Shampoo"},"content":{"rendered":"<p>ZA\u0160TO DJELUJE<br \/>\n\u2192 Nje\u017eno \u010di\u0161ti bez isu\u0161ivanja<br \/>\nUklanja ne\u010disto\u0107e, istovremeno<br \/>\n\u010duvaju\u0107iprirodna ulja<br \/>\n\u2192 Pobolj\u0161ava definiranost i elasti\u010dnost kovr\u010da<br \/>\nPodr\u017eava prirodni oblik i pokretljivost<br \/>\n\u2192 Umanjuje frizzy efekt i neobuzdane vlasi<br \/>\nZagla\u0111uje povr\u0161inski sloj za gladak,<br \/>\nelegantan izgled<br \/>\n\u2192 Hidratiziraju\u0107a i lagana<br \/>\nOdr\u017eava kovr\u010de hidriranima ne ote\u017eavaju\u0107i ih<\/p>\n<p>ZA KOGA JE<br \/>\nZa sve s valovitom, kovr\u010davom ili jako kovr\u010davom<br \/>\nkosom, koji \u017eele pobolj\u0161ati prirodni oblik i teksturu<br \/>\nsvoje kose.<br \/>\nTipovi kose: 2A\u20134C<\/p>\n<p>REZULTATI<br \/>\n\u2192 Umanjuje frizzy efekt za do 90%*<br \/>\n\u2192 24-satna za\u0161tita od 90% vlage**<br \/>\n\u2192 Pobolj\u0161ava definiranost i elasti\u010dnost kovr\u010da<br \/>\n\u2192 Dugotrajna kontrola frizzy efekta<br \/>\n\u2192 Poja\u010dava hidrataciju i prirodni sjaj<br \/>\n\u2192 Bez sulfata<\/p>\n<p>NA\u010cIN KORI\u0160TENJA<br \/>\nNanesite na vla\u017enu kosu, zapjenite i isperite.<br \/>\nPonovite ako je potrebno.<\/p>\n","protected":false},"excerpt":{"rendered":"<p>\u0160ampon s niskim pjenjenjem Confident Curl Curl Enhancing Shampoo nje\u017eno \u010disti<br \/>\nkosu ne uklanjaju\u0107i vrijednu hidriranost, \u0161to dovodi do izuzetno hidratiziranih kovr\u010da<br \/>\ni njihove elasti\u010dnosti.<\/p>\n","protected":false},"featured_media":17595,"template":"","meta":{"_acf_changed":false},"product_brand":[],"product_cat":[704,859,657,699,663],"product_tag":[],"class_list":{"0":"post-17700","1":"product","2":"type-product","3":"status-publish","4":"has-post-thumbnail","6":"product_cat-care","7":"product_cat-confident-curl","8":"product_cat-njega-kose","9":"product_cat-robna-marka","10":"product_cat-sampon","12":"first","13":"instock","14":"taxable","15":"shipping-taxable","16":"purchasable","17":"product-type-simple"},"acf":[],"_links":{"self":[{"href":"https:\/\/keune.ba\/webshop\/wp-json\/wp\/v2\/product\/17700","targetHints":{"allow":["GET"]}}],"collection":[{"href":"https:\/\/keune.ba\/webshop\/wp-json\/wp\/v2\/product"}],"about":[{"href":"https:\/\/keune.ba\/webshop\/wp-json\/wp\/v2\/types\/product"}],"version-history":[{"count":1,"href":"https:\/\/keune.ba\/webshop\/wp-json\/wp\/v2\/product\/17700\/revisions"}],"predecessor-version":[{"id":17701,"href":"https:\/\/keune.ba\/webshop\/wp-json\/wp\/v2\/product\/17700\/revisions\/17701"}],"wp:featuredmedia":[{"embeddable":true,"href":"https:\/\/keune.ba\/webshop\/wp-json\/wp\/v2\/media\/17595"}],"wp:attachment":[{"href":"https:\/\/keune.ba\/webshop\/wp-json\/wp\/v2\/media?parent=17700"}],"wp:term":[{"taxonomy":"product_brand","embeddable":true,"href":"https:\/\/keune.ba\/webshop\/wp-json\/wp\/v2\/product_brand?post=17700"},{"taxonomy":"product_cat","embeddable":true,"href":"https:\/\/keune.ba\/webshop\/wp-json\/wp\/v2\/product_cat?post=17700"},{"taxonomy":"product_tag","embeddable":true,"href":"https:\/\/keune.ba\/webshop\/wp-json\/wp\/v2\/product_tag?post=17700"}],"curies":[{"name":"wp","href":"https:\/\/api.w.org\/{rel}","templated":true}]}}