{"id":17708,"date":"2025-09-04T13:57:40","date_gmt":"2025-09-04T11:57:40","guid":{"rendered":"https:\/\/keune.ba\/webshop\/?post_type=product&#038;p=17708"},"modified":"2025-12-18T16:03:12","modified_gmt":"2025-12-18T15:03:12","slug":"confident-curl-leave-in-curly-2","status":"publish","type":"product","link":"https:\/\/keune.ba\/webshop\/confident-curl-leave-in-curly-2\/","title":{"rendered":"Confident Curl \u2014 Leave-in Curly"},"content":{"rendered":"<p>ZA\u0160TO DJELUJE<br \/>\n\u2192 Definira i pobolj\u0161ava oblik kovr\u010da<br \/>\nPoja\u010dava prirodnu teksturu, za dobro<br \/>\noblikovane, \u017eivahne kovr\u010de<br \/>\n\u2192 Dugotrajna hidratacija<br \/>\nZaklju\u010dava vlagu kako bi sprije\u010dila suho\u0107u<br \/>\ni pucanje<br \/>\n\u2192 Kontrola frizzy efekta i za\u0161tita od vlage<br \/>\nOdr\u017eava kovr\u010de glatkima, elegantnima<br \/>\ni na mjestu<br \/>\n\u2192 Mekane na dodir<br \/>\nBez hrskavosti, uko\u010denosti &#8211; samo prekrasno<br \/>\ndefinirane kovr\u010de<\/p>\n<p>ZA KOGA JE<br \/>\nZa sve s kovr\u010davom kosom koji \u017eele pobolj\u0161ati<br \/>\nprirodni oblik i teksturu svoje kose.<br \/>\nTipovi kose: 3A\u20133C<\/p>\n<p>REZULTATI<br \/>\n\u2192 Umanjuje frizzy efekt za do 90%*<br \/>\n\u2192 24-satna za\u0161tita od 90% vlage**<br \/>\n\u2192 Pobolj\u0161ava definiranost i elasti\u010dnost kovr\u010da<br \/>\n\u2192 Dugotrajna kontrola frizzy efekta<br \/>\n\u2192 Poja\u010dava hidrataciju i prirodni sjaj<\/p>\n<p>NA\u010cIN KORI\u0160TENJA<br \/>\nNanesite na mokru kosu, pobrinite se da<br \/>\nproizvod dobro nanesete na sve dijelove kose.<br \/>\nNemojte ispirati. Ostavite kosu da se osu\u0161i prirodno<br \/>\nna zraku ili je uredite su\u0161ilom za kosu ili difuzorom.<br \/>\nMo\u017ee se koristiti na suhoj kosi za dodatnu<br \/>\nhidrataciju.<\/p>\n<p>*Instrumentalni test nakon primjene proizvoda Confident Curl Shampoo + Conditioner + Leave-In Wavy **Instrumentalni test nakon primjene proizvoda Confident Curl Shampoo + Mask + Leave-In<\/p>\n","protected":false},"excerpt":{"rendered":"<p>Pobolj\u0161ajte, definirajte i zagladite svoje prirodne kovr\u010de koriste\u0107i Confident Curl Leave-<br \/>\nin Curly, laganu leave-in kremu za izuzetnu hidrataciju bez ote\u017eavanja.<\/p>\n","protected":false},"featured_media":17599,"template":"","meta":{"_acf_changed":false},"product_brand":[],"product_cat":[704,859,674,657,699],"product_tag":[],"class_list":{"0":"post-17708","1":"product","2":"type-product","3":"status-publish","4":"has-post-thumbnail","6":"product_cat-care","7":"product_cat-confident-curl","8":"product_cat-leave-in-regenerator","9":"product_cat-njega-kose","10":"product_cat-robna-marka","12":"first","13":"instock","14":"taxable","15":"shipping-taxable","16":"purchasable","17":"product-type-simple"},"acf":[],"_links":{"self":[{"href":"https:\/\/keune.ba\/webshop\/wp-json\/wp\/v2\/product\/17708","targetHints":{"allow":["GET"]}}],"collection":[{"href":"https:\/\/keune.ba\/webshop\/wp-json\/wp\/v2\/product"}],"about":[{"href":"https:\/\/keune.ba\/webshop\/wp-json\/wp\/v2\/types\/product"}],"version-history":[{"count":1,"href":"https:\/\/keune.ba\/webshop\/wp-json\/wp\/v2\/product\/17708\/revisions"}],"predecessor-version":[{"id":17709,"href":"https:\/\/keune.ba\/webshop\/wp-json\/wp\/v2\/product\/17708\/revisions\/17709"}],"wp:featuredmedia":[{"embeddable":true,"href":"https:\/\/keune.ba\/webshop\/wp-json\/wp\/v2\/media\/17599"}],"wp:attachment":[{"href":"https:\/\/keune.ba\/webshop\/wp-json\/wp\/v2\/media?parent=17708"}],"wp:term":[{"taxonomy":"product_brand","embeddable":true,"href":"https:\/\/keune.ba\/webshop\/wp-json\/wp\/v2\/product_brand?post=17708"},{"taxonomy":"product_cat","embeddable":true,"href":"https:\/\/keune.ba\/webshop\/wp-json\/wp\/v2\/product_cat?post=17708"},{"taxonomy":"product_tag","embeddable":true,"href":"https:\/\/keune.ba\/webshop\/wp-json\/wp\/v2\/product_tag?post=17708"}],"curies":[{"name":"wp","href":"https:\/\/api.w.org\/{rel}","templated":true}]}}