{"id":17712,"date":"2025-09-04T13:57:40","date_gmt":"2025-09-04T11:57:40","guid":{"rendered":"https:\/\/keune.ba\/webshop\/?post_type=product&#038;p=17712"},"modified":"2025-12-18T16:03:13","modified_gmt":"2025-12-18T15:03:13","slug":"long-strong-strengthening-conditioner-2","status":"publish","type":"product","link":"https:\/\/keune.ba\/webshop\/long-strong-strengthening-conditioner-2\/","title":{"rendered":"Long &amp; Strong \u2014 Strengthening Conditioner 80ml"},"content":{"rendered":"<p>ZA\u0160TO DJELUJE<\/p>\n<p>\u2192 Osna\u017euje i oja\u010dava<br \/>\nOja\u010dava vlasi kose za pomo\u0107 u sprje\u010davanju<br \/>\npucanja<br \/>\n\u2192 Razmrsuje i omek\u0161ava<br \/>\n\u010cini kosu svilenkastom, lakom za odr\u017eavanje<br \/>\ni lakom za \u010de\u0161ljanje<br \/>\n\u2192 Popravlja o\u0161te\u0107enja nastalog od stiliziranja<br \/>\nObnavlja vitalnost pretjerano tretiranih vlasi<br \/>\n\u2192 Poja\u010dava sjaj i glatkost<br \/>\nZatvara povr\u0161inski sloj za zagla\u0111en, zdrav izgled<\/p>\n<p>ZA KOGA JE<br \/>\nZa sve koji imaju problema sa smanjenjem gusto\u0107e<br \/>\nkose, gubitkom kose i oslabljenom, lomljivom kosom.<\/p>\n<p>REZULTATI<br \/>\n\u2192 Do 76% vi\u0161e sjaja*<br \/>\n\u2192 Kosa je sna\u017enija**<br \/>\n\u2192 Pa\u017eljiv je prema vlasi\u0161tu i pobolj\u0161ava zdravlje<br \/>\nvlasi\u0161ta<br \/>\n\u2192 Antioksidativna za\u0161tita<br \/>\n\u2192 Kosa djeluje punije i gu\u0161\u0107e s laganim dodirom<\/p>\n<p>NA\u010cIN KORI\u0160TENJA<br \/>\nNanesite na \u0161amponiranu kosu, ostavite 1\u20133<br \/>\nminute, zatim temeljito isperite.<\/p>\n<p>*Instrumentalni test. Kosa tretirana s proizvodima Strengthening Shampoo + Strengthening Conditioner u usporedbi s kosom koja nije oprana tim proizvodima. **Instrumentalni test. O\u0161te\u0107ena kosa tretirana s 5 primjena proizvoda<br \/>\nStrengthening Shampoo + Strenthening Conditioner<\/p>\n","protected":false},"excerpt":{"rendered":"<p>Podr\u017eite snagu i otpornost svoje kose koriste\u0107i Long &amp; Strong Strengthening<br \/>\nConditioner, oja\u010davaju\u0107u formulu dizajniranu za popravljanje o\u0161te\u0107enja i poja\u010davanje<br \/>\nmeko\u0107e. Idealan za oslabljenu ili lomljivu kosu, ovaj intenzivni, a ipak lagani regenerator<br \/>\nhrani kosu iznutra, \u010dine\u0107i vlasi sna\u017enijim, gla\u0111im i otpornijim na svakodnevni stres.<\/p>\n","protected":false},"featured_media":17601,"template":"","meta":{"_acf_changed":false},"product_brand":[],"product_cat":[704,861,657,664,699],"product_tag":[],"class_list":{"0":"post-17712","1":"product","2":"type-product","3":"status-publish","4":"has-post-thumbnail","6":"product_cat-care","7":"product_cat-long-strong","8":"product_cat-njega-kose","9":"product_cat-regenerator","10":"product_cat-robna-marka","12":"first","13":"instock","14":"taxable","15":"shipping-taxable","16":"purchasable","17":"product-type-simple"},"acf":[],"_links":{"self":[{"href":"https:\/\/keune.ba\/webshop\/wp-json\/wp\/v2\/product\/17712","targetHints":{"allow":["GET"]}}],"collection":[{"href":"https:\/\/keune.ba\/webshop\/wp-json\/wp\/v2\/product"}],"about":[{"href":"https:\/\/keune.ba\/webshop\/wp-json\/wp\/v2\/types\/product"}],"version-history":[{"count":2,"href":"https:\/\/keune.ba\/webshop\/wp-json\/wp\/v2\/product\/17712\/revisions"}],"predecessor-version":[{"id":17751,"href":"https:\/\/keune.ba\/webshop\/wp-json\/wp\/v2\/product\/17712\/revisions\/17751"}],"wp:featuredmedia":[{"embeddable":true,"href":"https:\/\/keune.ba\/webshop\/wp-json\/wp\/v2\/media\/17601"}],"wp:attachment":[{"href":"https:\/\/keune.ba\/webshop\/wp-json\/wp\/v2\/media?parent=17712"}],"wp:term":[{"taxonomy":"product_brand","embeddable":true,"href":"https:\/\/keune.ba\/webshop\/wp-json\/wp\/v2\/product_brand?post=17712"},{"taxonomy":"product_cat","embeddable":true,"href":"https:\/\/keune.ba\/webshop\/wp-json\/wp\/v2\/product_cat?post=17712"},{"taxonomy":"product_tag","embeddable":true,"href":"https:\/\/keune.ba\/webshop\/wp-json\/wp\/v2\/product_tag?post=17712"}],"curies":[{"name":"wp","href":"https:\/\/api.w.org\/{rel}","templated":true}]}}