{"id":17714,"date":"2025-09-04T13:57:40","date_gmt":"2025-09-04T11:57:40","guid":{"rendered":"https:\/\/keune.ba\/webshop\/?post_type=product&#038;p=17714"},"modified":"2025-12-18T16:03:12","modified_gmt":"2025-12-18T15:03:12","slug":"long-strong-strengthening-shampoo","status":"publish","type":"product","link":"https:\/\/keune.ba\/webshop\/long-strong-strengthening-shampoo\/","title":{"rendered":"Long &#038; Strong \u2014 Strengthening Shampoo"},"content":{"rendered":"<p>ZA\u0160TO DJELUJE<br \/>\n\u2192 Osna\u017eivanje vlasi kose<br \/>\nPoma\u017ee u ponovnoj izgradnji i oja\u010davanju<br \/>\noslabljenih vlasi<br \/>\n\u2192 Sna\u017enija kosa tijekom vremena<br \/>\nPodr\u017eava dugotrajno zdravlje i rast kose<br \/>\n\u2192 Nje\u017eno \u010disti bez isu\u0161ivanja<br \/>\nOdr\u017eava ravnote\u017eu vlage za mek\u0161u,<br \/>\nsna\u017eniju kosu<br \/>\n\u2192 Poja\u010dava sjaj i lako\u0107u odr\u017eavanja<br \/>\n\u010cini kosu glatkom, zagla\u0111enom i lakom za<br \/>\nstiliziranje<\/p>\n<p>ZA KOGA JE<br \/>\nZa sve koji imaju problema sa smanjenjem gusto\u0107e<br \/>\nkose, gubitkom kose i oslabljenom, lomljivom<br \/>\nkosom.<\/p>\n<p>REZULTATI<br \/>\n\u2192 Do 76% vi\u0161e sjaja*<br \/>\n\u2192 Kosa je sna\u017enija**<br \/>\n\u2192 \u010cisti i pobolj\u0161ava zdravlje vlasi\u0161ta<br \/>\n\u2192 Uklanaj nakupine i one\u010di\u0161\u0107enja<br \/>\n\u2192 Antioksidativna za\u0161tita<br \/>\n\u2192 Kosa djeluje punije i gu\u0161\u0107e, lagana na dodir<br \/>\n\u2192 Bez sulfata<\/p>\n<p>NA\u010cIN KORI\u0160TENJA<br \/>\nNanesite na vla\u017enu kosu, zapjenite i isperite.<br \/>\nPonovite ako je potrebno.<\/p>\n<p>*Instrumentalni test. Kosa tretirana sa s proizvodima Strengthening Shampoo + Strengthening Conditioner u usporedbi s kosom koja nije oprana tim proizvodima. **Instrumentalni test. O\u0161te\u0107ena kosa tretirana s 5 primjena proizvodima<br \/>\nStrengthening Shampoo + Strenthening Conditioner<\/p>\n","protected":false},"excerpt":{"rendered":"<p>Revitalizirajte i oja\u010dajte kosu koriste\u0107i Long &#038; Strong Strengthening Shampoo,<br \/>\nposebno formuliran za oja\u010davanje slabe, krhke ili o\u0161te\u0107ene kose od korijena do vrha.<br \/>\nOvaj \u0161ampon nje\u017eno \u010disti kosu, dok istovremeno djeluje osna\u017euju\u0107e, pobolj\u0161ava<br \/>\notpornost i \u010dini da kosa djeluje zdravije, sjajnije i otpornije sa svakim pranjem.<\/p>\n","protected":false},"featured_media":17602,"template":"","meta":{"_acf_changed":false},"product_brand":[],"product_cat":[704,861,657,699,663],"product_tag":[],"class_list":{"0":"post-17714","1":"product","2":"type-product","3":"status-publish","4":"has-post-thumbnail","6":"product_cat-care","7":"product_cat-long-strong","8":"product_cat-njega-kose","9":"product_cat-robna-marka","10":"product_cat-sampon","12":"first","13":"instock","14":"taxable","15":"shipping-taxable","16":"purchasable","17":"product-type-simple"},"acf":[],"_links":{"self":[{"href":"https:\/\/keune.ba\/webshop\/wp-json\/wp\/v2\/product\/17714","targetHints":{"allow":["GET"]}}],"collection":[{"href":"https:\/\/keune.ba\/webshop\/wp-json\/wp\/v2\/product"}],"about":[{"href":"https:\/\/keune.ba\/webshop\/wp-json\/wp\/v2\/types\/product"}],"version-history":[{"count":1,"href":"https:\/\/keune.ba\/webshop\/wp-json\/wp\/v2\/product\/17714\/revisions"}],"predecessor-version":[{"id":17715,"href":"https:\/\/keune.ba\/webshop\/wp-json\/wp\/v2\/product\/17714\/revisions\/17715"}],"wp:featuredmedia":[{"embeddable":true,"href":"https:\/\/keune.ba\/webshop\/wp-json\/wp\/v2\/media\/17602"}],"wp:attachment":[{"href":"https:\/\/keune.ba\/webshop\/wp-json\/wp\/v2\/media?parent=17714"}],"wp:term":[{"taxonomy":"product_brand","embeddable":true,"href":"https:\/\/keune.ba\/webshop\/wp-json\/wp\/v2\/product_brand?post=17714"},{"taxonomy":"product_cat","embeddable":true,"href":"https:\/\/keune.ba\/webshop\/wp-json\/wp\/v2\/product_cat?post=17714"},{"taxonomy":"product_tag","embeddable":true,"href":"https:\/\/keune.ba\/webshop\/wp-json\/wp\/v2\/product_tag?post=17714"}],"curies":[{"name":"wp","href":"https:\/\/api.w.org\/{rel}","templated":true}]}}