{"id":17720,"date":"2025-09-04T13:57:40","date_gmt":"2025-09-04T11:57:40","guid":{"rendered":"https:\/\/keune.ba\/webshop\/?post_type=product&#038;p=17720"},"modified":"2025-12-18T16:03:13","modified_gmt":"2025-12-18T15:03:13","slug":"long-strong-densifying-leave-in-treatment","status":"publish","type":"product","link":"https:\/\/keune.ba\/webshop\/long-strong-densifying-leave-in-treatment\/","title":{"rendered":"Long &#038; Strong \u2014 Densifying Leave-in Treatment"},"content":{"rendered":"<p>ZA\u0160TO DJELUJE<br \/>\n\u2192 Promovira gu\u0161\u0107u, puniju kosu<br \/>\nVidno pobolj\u0161ava gusto\u0107u i strukturu kose<br \/>\n\u2192 Osna\u017euje i oja\u010dava<br \/>\nPoma\u017ee u umanjivanju pucanja i podr\u017eavanju<br \/>\nsna\u017enih vlasi<br \/>\n\u2192 Daje energiju vlasi\u0161tu<br \/>\nStvara idealne uvjete za zdravi rast kose<br \/>\n\u2192 Lagana, nemasna formula<br \/>\nSavr\u0161eno za dnevnu uporabu bez talo\u017eenja<\/p>\n<p>ZA KOGA JE<br \/>\nZa sve koji imaju problema sa smanjenjem gusto\u0107e<br \/>\nkose, gubitkom kose i oslabljenom, lomljivom kosom.<\/p>\n<p>REZULTATI<br \/>\n\u2192 Kosa je sna\u017enija<br \/>\n\u2192 Pa\u017eljiv je prema vlasi\u0161tu i pobolj\u0161ava zdravlje<br \/>\nvlasi\u0161ta<br \/>\n\u2192 Za\u0161tita od antioksidansa<br \/>\n\u2192 Kosa djeluje punije i gu\u0161\u0107e s laganim dodirom<br \/>\n\u2192 Toplinska za\u0161tita do 230\u00b0C\/450\u00b0F*<\/p>\n<p>NA\u010cIN KORI\u0160TENJA<br \/>\nNanesite na \u010distu, ru\u010dnikom osu\u0161enu kosu i<br \/>\nnemojte ispirati. Stilizirajte prema \u017eelji.<\/p>\n","protected":false},"excerpt":{"rendered":"<p>Poja\u010dajte izgled gu\u0161\u0107e i sna\u017enije kose koriste\u0107i Long &#038; Strong Densifying Leave-In Sadr\u017eaj Sadr\u017eaj<br \/>\nTreatment, ciljanu formulu dizajniranu za davanje energije vlasi\u0161tu, oja\u010davanje vlasi<br \/>\nkose i vidno pove\u0107anje gusto\u0107e kose tijekom vremena. Lagan i s brzom apsorpcijom,<br \/>\novaj tretman koji se ne ispire podr\u017eava zdraviju kosu punijeg izgleda \u2013 od korijena do<br \/>\nvrha.<\/p>\n","protected":false},"featured_media":17605,"template":"","meta":{"_acf_changed":false},"product_brand":[],"product_cat":[704,674,861,657,699],"product_tag":[],"class_list":{"0":"post-17720","1":"product","2":"type-product","3":"status-publish","4":"has-post-thumbnail","6":"product_cat-care","7":"product_cat-leave-in-regenerator","8":"product_cat-long-strong","9":"product_cat-njega-kose","10":"product_cat-robna-marka","12":"first","13":"instock","14":"taxable","15":"shipping-taxable","16":"purchasable","17":"product-type-simple"},"acf":[],"_links":{"self":[{"href":"https:\/\/keune.ba\/webshop\/wp-json\/wp\/v2\/product\/17720","targetHints":{"allow":["GET"]}}],"collection":[{"href":"https:\/\/keune.ba\/webshop\/wp-json\/wp\/v2\/product"}],"about":[{"href":"https:\/\/keune.ba\/webshop\/wp-json\/wp\/v2\/types\/product"}],"version-history":[{"count":2,"href":"https:\/\/keune.ba\/webshop\/wp-json\/wp\/v2\/product\/17720\/revisions"}],"predecessor-version":[{"id":17940,"href":"https:\/\/keune.ba\/webshop\/wp-json\/wp\/v2\/product\/17720\/revisions\/17940"}],"wp:featuredmedia":[{"embeddable":true,"href":"https:\/\/keune.ba\/webshop\/wp-json\/wp\/v2\/media\/17605"}],"wp:attachment":[{"href":"https:\/\/keune.ba\/webshop\/wp-json\/wp\/v2\/media?parent=17720"}],"wp:term":[{"taxonomy":"product_brand","embeddable":true,"href":"https:\/\/keune.ba\/webshop\/wp-json\/wp\/v2\/product_brand?post=17720"},{"taxonomy":"product_cat","embeddable":true,"href":"https:\/\/keune.ba\/webshop\/wp-json\/wp\/v2\/product_cat?post=17720"},{"taxonomy":"product_tag","embeddable":true,"href":"https:\/\/keune.ba\/webshop\/wp-json\/wp\/v2\/product_tag?post=17720"}],"curies":[{"name":"wp","href":"https:\/\/api.w.org\/{rel}","templated":true}]}}