{"id":17724,"date":"2025-09-04T13:57:40","date_gmt":"2025-09-04T11:57:40","guid":{"rendered":"https:\/\/keune.ba\/webshop\/?post_type=product&#038;p=17724"},"modified":"2025-12-18T16:03:09","modified_gmt":"2025-12-18T15:03:09","slug":"perfect-clarity-clarifying-shampoo","status":"publish","type":"product","link":"https:\/\/keune.ba\/webshop\/perfect-clarity-clarifying-shampoo\/","title":{"rendered":"Perfect Clarity \u2014 Clarifying Shampoo"},"content":{"rendered":"<p>ZA\u0160TO DJELUJE<br \/>\n\u2192 Dubinski \u010disti i vr\u0161i detoks<br \/>\nUklanja nakupine, taloge i vi\u0161kove masno\u0107e<br \/>\n\u2192 Osvje\u017eava vlasi\u0161te<br \/>\nPromovira uravnote\u017eene, prozra\u010dne uvjete<br \/>\nvlasi\u0161ta<br \/>\n\u2192 Obnavlja sjaj i volumen<br \/>\nO\u017eivljava zamorenu, ote\u017eanu kosu<br \/>\n\u2192 Priprema kosu za tretmane i ure\u0111ivanje<br \/>\nStvara \u010diste temelje za va\u0161u rutinu<\/p>\n<p>ZA KOGA JE<br \/>\nZa svaku vrstu kose kojoj je potrebno dubinsko,<br \/>\npre\u010di\u0161\u0107avaju\u0107e \u010di\u0161\u0107enje.<\/p>\n<p>REZULTATI<br \/>\n\u2192 Dubinski o\u010di\u0161\u0107ena kosa<br \/>\n\u2192 Priprema kose za tretmane u salonu<br \/>\n\u2192 Pa\u017eljiv je prema ravnote\u017ei vlage kose i vlasi\u0161ta<\/p>\n<p>NA\u010cIN KORI\u0160TENJA<br \/>\nNanesite na vla\u017enu kosu, zapjenite i isperite.<br \/>\nPonovite ako je potrebno.<\/p>\n","protected":false},"excerpt":{"rendered":"<p>Resetirajte svoju kosu s \u0161amponom Perfect Clarity Clarifying Shampoo, stru\u010dno<br \/>\nformuliranim za dubinsko \u010di\u0161\u0107enje i detoks bez uklanjanja esencijalne vla\u017enosti kose.<br \/>\nIdealan za uklanjanje nakupina proizvoda, vi\u0161kova masno\u0107e i okoli\u0161nih ne\u010disto\u0107a, \u0161to<br \/>\ndovodi do lagane, \u010diste i revitalizirane kose.<\/p>\n","protected":false},"featured_media":17607,"template":"","meta":{"_acf_changed":false},"product_brand":[],"product_cat":[704,657,862,699,663],"product_tag":[],"class_list":{"0":"post-17724","1":"product","2":"type-product","3":"status-publish","4":"has-post-thumbnail","6":"product_cat-care","7":"product_cat-njega-kose","8":"product_cat-perfect-clarity","9":"product_cat-robna-marka","10":"product_cat-sampon","12":"first","13":"instock","14":"taxable","15":"shipping-taxable","16":"purchasable","17":"product-type-simple"},"acf":[],"_links":{"self":[{"href":"https:\/\/keune.ba\/webshop\/wp-json\/wp\/v2\/product\/17724","targetHints":{"allow":["GET"]}}],"collection":[{"href":"https:\/\/keune.ba\/webshop\/wp-json\/wp\/v2\/product"}],"about":[{"href":"https:\/\/keune.ba\/webshop\/wp-json\/wp\/v2\/types\/product"}],"version-history":[{"count":1,"href":"https:\/\/keune.ba\/webshop\/wp-json\/wp\/v2\/product\/17724\/revisions"}],"predecessor-version":[{"id":17725,"href":"https:\/\/keune.ba\/webshop\/wp-json\/wp\/v2\/product\/17724\/revisions\/17725"}],"wp:featuredmedia":[{"embeddable":true,"href":"https:\/\/keune.ba\/webshop\/wp-json\/wp\/v2\/media\/17607"}],"wp:attachment":[{"href":"https:\/\/keune.ba\/webshop\/wp-json\/wp\/v2\/media?parent=17724"}],"wp:term":[{"taxonomy":"product_brand","embeddable":true,"href":"https:\/\/keune.ba\/webshop\/wp-json\/wp\/v2\/product_brand?post=17724"},{"taxonomy":"product_cat","embeddable":true,"href":"https:\/\/keune.ba\/webshop\/wp-json\/wp\/v2\/product_cat?post=17724"},{"taxonomy":"product_tag","embeddable":true,"href":"https:\/\/keune.ba\/webshop\/wp-json\/wp\/v2\/product_tag?post=17724"}],"curies":[{"name":"wp","href":"https:\/\/api.w.org\/{rel}","templated":true}]}}