{"id":17726,"date":"2025-09-04T13:57:40","date_gmt":"2025-09-04T11:57:40","guid":{"rendered":"https:\/\/keune.ba\/webshop\/?post_type=product&#038;p=17726"},"modified":"2025-12-18T16:03:13","modified_gmt":"2025-12-18T15:03:13","slug":"miracle-elixir-keratin-spray","status":"publish","type":"product","link":"https:\/\/keune.ba\/webshop\/miracle-elixir-keratin-spray\/","title":{"rendered":"Miracle Elixir \u2014 Keratin Spray"},"content":{"rendered":"<p>ZA\u0160TO DJELUJE<br \/>\n\u2192 Ja\u010da i obnavlja<br \/>\nNadomje\u0161ta keratin za oja\u010davanje o\u0161te\u0107ene kose<br \/>\n\u2192 Raspetljava i zagla\u0111uje<br \/>\nTrenuta\u010dno omek\u0161ava i ukro\u0107uje frizzy kosu<br \/>\n\u2192 \u0160titi od topline i stresnih \u010dimbenika iz okoli\u0161a<br \/>\n\u0160titi kosu tijekom stiliziranja i izlaganju toplini<br \/>\n\u2192 Lagana, nemasna formula<br \/>\nSavr\u0161eno za \u010destu uporabu<\/p>\n<p>ZA KOGA JE<br \/>\nZa sve s tretiranom, o\u0161te\u0107enom kosom, kosom<br \/>\ngrube teksture.<\/p>\n<p>REZULTATI<br \/>\n\u2192 Poma\u017ee u odr\u017eavanju razine meko\u0107e od<br \/>\ntretmana, \u010dak nakon 5 \u0161amponiranja*<br \/>\n\u2192 Kosa je sna\u017enija i otpornija<br \/>\n\u2192 Kosa je puna sjaja i glatka<\/p>\n<p>NA\u010cIN KORI\u0160TENJA<br \/>\nIzda\u0161no naprskajte na vla\u017enu ili suhu kosu.<br \/>\nNemojte ispirati.<\/p>\n","protected":false},"excerpt":{"rendered":"<p>Za\u0161titite svoju kosu koriste\u0107i Miracle Elixir Keratin Spray, lagani leave-in tretman<br \/>\ndizajniranim da produ\u017ei trajanje Miracle Elixir Keratin Booster tretmana u salonu.<br \/>\nOdr\u017eite snagu, glatkost i sjaj. S dodatkom biljnog keratina koji popravlja kosu, ovaj<br \/>\nsvestrani sprej poma\u017ee u ponovnoj izgradnju oslabljenih vlasi i za\u0161titi od svakodnevnih<br \/>\no\u0161te\u0107enja.<\/p>\n","protected":false},"featured_media":17608,"template":"","meta":{"_acf_changed":false},"product_brand":[],"product_cat":[704,747,657,699,670],"product_tag":[],"class_list":{"0":"post-17726","1":"product","2":"type-product","3":"status-publish","4":"has-post-thumbnail","6":"product_cat-care","7":"product_cat-miracle-elixir","8":"product_cat-njega-kose","9":"product_cat-robna-marka","10":"product_cat-sprej","12":"first","13":"instock","14":"taxable","15":"shipping-taxable","16":"purchasable","17":"product-type-simple"},"acf":[],"_links":{"self":[{"href":"https:\/\/keune.ba\/webshop\/wp-json\/wp\/v2\/product\/17726","targetHints":{"allow":["GET"]}}],"collection":[{"href":"https:\/\/keune.ba\/webshop\/wp-json\/wp\/v2\/product"}],"about":[{"href":"https:\/\/keune.ba\/webshop\/wp-json\/wp\/v2\/types\/product"}],"version-history":[{"count":1,"href":"https:\/\/keune.ba\/webshop\/wp-json\/wp\/v2\/product\/17726\/revisions"}],"predecessor-version":[{"id":17727,"href":"https:\/\/keune.ba\/webshop\/wp-json\/wp\/v2\/product\/17726\/revisions\/17727"}],"wp:featuredmedia":[{"embeddable":true,"href":"https:\/\/keune.ba\/webshop\/wp-json\/wp\/v2\/media\/17608"}],"wp:attachment":[{"href":"https:\/\/keune.ba\/webshop\/wp-json\/wp\/v2\/media?parent=17726"}],"wp:term":[{"taxonomy":"product_brand","embeddable":true,"href":"https:\/\/keune.ba\/webshop\/wp-json\/wp\/v2\/product_brand?post=17726"},{"taxonomy":"product_cat","embeddable":true,"href":"https:\/\/keune.ba\/webshop\/wp-json\/wp\/v2\/product_cat?post=17726"},{"taxonomy":"product_tag","embeddable":true,"href":"https:\/\/keune.ba\/webshop\/wp-json\/wp\/v2\/product_tag?post=17726"}],"curies":[{"name":"wp","href":"https:\/\/api.w.org\/{rel}","templated":true}]}}