{"id":17728,"date":"2025-09-04T13:57:40","date_gmt":"2025-09-04T11:57:40","guid":{"rendered":"https:\/\/keune.ba\/webshop\/?post_type=product&#038;p=17728"},"modified":"2025-12-18T16:03:04","modified_gmt":"2025-12-18T15:03:04","slug":"radiant-gloss-illume-infusion","status":"publish","type":"product","link":"https:\/\/keune.ba\/webshop\/radiant-gloss-illume-infusion\/","title":{"rendered":"Radiant Gloss \u2014 Illume Infusion"},"content":{"rendered":"<p>ZA\u0160TO DJELUJE<br \/>\n\u2192 Pobolj\u0161ava sjaj i reflektiranje svjetlosti<br \/>\nStvara sjajan izgled nalik zrcalu<br \/>\n\u2192 Izgla\u0111uje i kontrolira frizzy efekt<br \/>\nUmanjuje neobuzdane vlasi za ugla\u0111en,<br \/>\nelegantan izgled<br \/>\n\u2192 Lagana i nemasna<br \/>\nApsorbira se brzo, bez ote\u017eavanja kose<br \/>\n\u2192 Hrani i \u0161titi<br \/>\nPoma\u017ee u odr\u017eavanju hidratacije i meko\u0107e kose<br \/>\n\u2192 Personalizacija<br \/>\nMo\u017ee se dodati drugim proizvodima kako bi<br \/>\npoja\u010dala efekt ja\u010danja kose<\/p>\n<p>ZA KOGA JE<br \/>\nZa sve s be\u017eivotnom, bez sjaja kosom kojoj je<br \/>\npotreban dodatan sjaj.<\/p>\n<p>REZULTATI<br \/>\n\u2192 3\u00d7 vi\u0161e sjaja bez ote\u017eavanja kose*<br \/>\n\u2192 48-satni efekat protiv frizzy efekta**<br \/>\n\u2192 Dugotrajna blistava blje\u0161tavost<br \/>\n\u2192 Toplinska za\u0161tita do 230\u00b0C\/450\u00b0F***<\/p>\n<p>NA\u010cIN KORI\u0160TENJA<br \/>\nNanesite nekoliko kapi u vla\u017enu ili suhu kosu i<br \/>\nnemojte ispirati. Za intenzivnije hranjenje i sjaj,<br \/>\numije\u0161ajte malu koli\u010dinu Illume Infusion formule u<br \/>\nbilo koji Care regenerator ili masku.<\/p>\n","protected":false},"excerpt":{"rendered":"<p>Osvjetljuju\u0107e, sublimiraju\u0107e kapi sjaja, Radiant Gloss Illume Infusion je laka, svilenkasta<br \/>\nformula dizajnirana da pobolj\u0161a sjaj, zagladi ispucale vlasi i da blje\u0161tav izgled koji<br \/>\nreflektira svjetlost. S dodatkom hranjivih sastojaka, trenuta\u010dno poja\u010dava sjaj dok<br \/>\nistovremeno odr\u017eava kosu mekom, ugla\u0111enom i otmjenom.<\/p>\n","protected":false},"featured_media":17609,"template":"","meta":{"_acf_changed":false},"product_brand":[],"product_cat":[704,657,863,699,666],"product_tag":[],"class_list":{"0":"post-17728","1":"product","2":"type-product","3":"status-publish","4":"has-post-thumbnail","6":"product_cat-care","7":"product_cat-njega-kose","8":"product_cat-radiant-gloss","9":"product_cat-robna-marka","10":"product_cat-ulje","12":"first","13":"instock","14":"taxable","15":"shipping-taxable","16":"purchasable","17":"product-type-simple"},"acf":[],"_links":{"self":[{"href":"https:\/\/keune.ba\/webshop\/wp-json\/wp\/v2\/product\/17728","targetHints":{"allow":["GET"]}}],"collection":[{"href":"https:\/\/keune.ba\/webshop\/wp-json\/wp\/v2\/product"}],"about":[{"href":"https:\/\/keune.ba\/webshop\/wp-json\/wp\/v2\/types\/product"}],"version-history":[{"count":1,"href":"https:\/\/keune.ba\/webshop\/wp-json\/wp\/v2\/product\/17728\/revisions"}],"predecessor-version":[{"id":17729,"href":"https:\/\/keune.ba\/webshop\/wp-json\/wp\/v2\/product\/17728\/revisions\/17729"}],"wp:featuredmedia":[{"embeddable":true,"href":"https:\/\/keune.ba\/webshop\/wp-json\/wp\/v2\/media\/17609"}],"wp:attachment":[{"href":"https:\/\/keune.ba\/webshop\/wp-json\/wp\/v2\/media?parent=17728"}],"wp:term":[{"taxonomy":"product_brand","embeddable":true,"href":"https:\/\/keune.ba\/webshop\/wp-json\/wp\/v2\/product_brand?post=17728"},{"taxonomy":"product_cat","embeddable":true,"href":"https:\/\/keune.ba\/webshop\/wp-json\/wp\/v2\/product_cat?post=17728"},{"taxonomy":"product_tag","embeddable":true,"href":"https:\/\/keune.ba\/webshop\/wp-json\/wp\/v2\/product_tag?post=17728"}],"curies":[{"name":"wp","href":"https:\/\/api.w.org\/{rel}","templated":true}]}}