{"id":17734,"date":"2025-09-04T13:57:40","date_gmt":"2025-09-04T11:57:40","guid":{"rendered":"https:\/\/keune.ba\/webshop\/?post_type=product&#038;p=17734"},"modified":"2025-12-18T10:56:06","modified_gmt":"2025-12-18T09:56:06","slug":"perfect-clarity-exfoliating-treatment","status":"publish","type":"product","link":"https:\/\/keune.ba\/webshop\/perfect-clarity-exfoliating-treatment\/","title":{"rendered":"Perfect Clarity \u2014 Exfoliating Treatment"},"content":{"rendered":"<p>ZA\u0160TO DJELUJE<br \/>\n\u2192 Vr\u0161i nje\u017enu eksfolijaciju i detoks<br \/>\nUklanja nakupine ne iritiraju\u0107i<br \/>\n\u2192 Poja\u010dava cirkulaciju vlasi\u0161ta<br \/>\nPoti\u010de zdrave uvjete za rast kose<br \/>\n\u2192 Pobolj\u0161ava apsorpciju proizvoda<br \/>\nPriprema va\u0161e vlasi\u0161te za optimalne rezultate<br \/>\nseruma i tretmana<\/p>\n<p>ZA KOGA JE<br \/>\nSvaki tip vlasi\u0161ta kojemu je potrebno dubinsko<br \/>\n\u010di\u0161\u0107enje.<\/p>\n<p>REZULTATI<br \/>\n\u2192 Dubinski o\u010di\u0161\u0107eno vlasi\u0161te<br \/>\n\u2192 Nje\u017eno prema mikrobiomu*<br \/>\n\u2192 Dermatolo\u0161ki odobreno*<\/p>\n<p>NA\u010cIN KORI\u0160TENJA<br \/>\n1. Temeljito navla\u017eite kosu.<br \/>\n2. Nanesite izravno na vla\u017eno vlasi\u0161te. Iskoristite<br \/>\ncijelu tubu.<br \/>\n3. Umasirajte u vlasi\u0161te tijekom 5 minuta uporabom<br \/>\ntehnike Keune Care Perfect Clarity tretmana za<br \/>\neksfolijaciju i temeljito isperite.<br \/>\n4. Zatim iskoristite preporu\u010deni Keune Care \u0161ampon<br \/>\ni regenerator\/masku.<\/p>\n<p>Preporu\u010duje se tjedna uporaba.<\/p>\n<p>*Iz neovisnog klini\u010dkog istra\u017eivanja<\/p>\n","protected":false},"excerpt":{"rendered":"<p>Otkrijte zdravije vlasi\u0161te s tretmanom Perfect Clarity Exfoliating Treatment, biolo\u0161ki<br \/>\ndizajniranim da nje\u017eno ukloni nakupine, mrtve stanice ko\u017ee i vi\u0161kove masno\u0107e. Ovaj<br \/>\nrevitaliziraju\u0107i tretman prije pranja stvara uvjete za bolju apsorpciju drugih proizvoda<br \/>\nza njegu vlasi\u0161ta kao \u0161to su serumi i ulja.<\/p>\n","protected":false},"featured_media":17606,"template":"","meta":{"_acf_changed":false},"product_brand":[],"product_cat":[704,657,862,699,663],"product_tag":[],"class_list":{"0":"post-17734","1":"product","2":"type-product","3":"status-publish","4":"has-post-thumbnail","6":"product_cat-care","7":"product_cat-njega-kose","8":"product_cat-perfect-clarity","9":"product_cat-robna-marka","10":"product_cat-sampon","12":"first","13":"instock","14":"taxable","15":"shipping-taxable","16":"purchasable","17":"product-type-simple"},"acf":[],"_links":{"self":[{"href":"https:\/\/keune.ba\/webshop\/wp-json\/wp\/v2\/product\/17734","targetHints":{"allow":["GET"]}}],"collection":[{"href":"https:\/\/keune.ba\/webshop\/wp-json\/wp\/v2\/product"}],"about":[{"href":"https:\/\/keune.ba\/webshop\/wp-json\/wp\/v2\/types\/product"}],"version-history":[{"count":1,"href":"https:\/\/keune.ba\/webshop\/wp-json\/wp\/v2\/product\/17734\/revisions"}],"predecessor-version":[{"id":17735,"href":"https:\/\/keune.ba\/webshop\/wp-json\/wp\/v2\/product\/17734\/revisions\/17735"}],"wp:featuredmedia":[{"embeddable":true,"href":"https:\/\/keune.ba\/webshop\/wp-json\/wp\/v2\/media\/17606"}],"wp:attachment":[{"href":"https:\/\/keune.ba\/webshop\/wp-json\/wp\/v2\/media?parent=17734"}],"wp:term":[{"taxonomy":"product_brand","embeddable":true,"href":"https:\/\/keune.ba\/webshop\/wp-json\/wp\/v2\/product_brand?post=17734"},{"taxonomy":"product_cat","embeddable":true,"href":"https:\/\/keune.ba\/webshop\/wp-json\/wp\/v2\/product_cat?post=17734"},{"taxonomy":"product_tag","embeddable":true,"href":"https:\/\/keune.ba\/webshop\/wp-json\/wp\/v2\/product_tag?post=17734"}],"curies":[{"name":"wp","href":"https:\/\/api.w.org\/{rel}","templated":true}]}}