{"id":17942,"date":"2025-11-05T16:37:44","date_gmt":"2025-11-05T15:37:44","guid":{"rendered":"https:\/\/keune.ba\/webshop\/?post_type=product&#038;p=17942"},"modified":"2026-03-10T10:19:36","modified_gmt":"2026-03-10T09:19:36","slug":"gift-box-nourish","status":"publish","type":"product","link":"https:\/\/keune.ba\/webshop\/gift-box-nourish\/","title":{"rendered":"Gift Box &#8211; Nourish"},"content":{"rendered":"<p data-start=\"103\" data-end=\"496\"><strong data-start=\"103\" data-end=\"142\">Upoznajte Keune Nourish poklon set:<\/strong> Vital Nutrition Nourishing Shampoo, Vital Nutrition Nourishing Conditioner i Get A Grip sprej. \u0160ampon nje\u017eno \u010disti i vra\u0107a vlagu suhoj kosi. Regenerator hidratizira, olak\u0161ava ra\u0161\u010de\u0161ljavanje te ostavlja kosu mekom, glatkom i podatnom. Zavr\u0161ite s Get A Grip sprejem koji upija masno\u0107u, daje lagani volumen i srednje jako u\u010dvr\u0161\u0107ivanje, bez bijelog traga.<\/p>\n<p data-start=\"498\" data-end=\"515\"><strong data-start=\"498\" data-end=\"513\">Set sadr\u017ei:<\/strong><\/p>\n<ul data-start=\"516\" data-end=\"624\">\n<li data-start=\"516\" data-end=\"552\">\n<p data-start=\"518\" data-end=\"552\">Vital Nutrition Shampoo (300 ml)<\/p>\n<\/li>\n<li data-start=\"553\" data-end=\"593\">\n<p data-start=\"555\" data-end=\"593\">Vital Nutrition Conditioner (250 ml)<\/p>\n<\/li>\n<li data-start=\"594\" data-end=\"624\">\n<p data-start=\"596\" data-end=\"624\">Get A Grip (putno pakiranje)<\/p>\n<\/li>\n<\/ul>\n","protected":false},"excerpt":{"rendered":"<p data-start=\"498\" data-end=\"515\"><strong data-start=\"498\" data-end=\"513\">Set sadr\u017ei:<\/strong><\/p>\n<ul data-start=\"516\" data-end=\"624\">\n<li data-start=\"516\" data-end=\"552\">\n<p data-start=\"518\" data-end=\"552\">Vital Nutrition Shampoo (300 ml)<\/p>\n<\/li>\n<li data-start=\"553\" data-end=\"593\">\n<p data-start=\"555\" data-end=\"593\">Vital Nutrition Conditioner (250 ml)<\/p>\n<\/li>\n<li data-start=\"594\" data-end=\"624\">\n<p data-start=\"596\" data-end=\"624\">Get A Grip (putno pakiranje)<\/p>\n<\/li>\n<\/ul>\n","protected":false},"featured_media":17943,"template":"","meta":{"_acf_changed":false},"product_brand":[],"product_cat":[704,866,657,664,699,663,741],"product_tag":[],"class_list":{"0":"post-17942","1":"product","2":"type-product","3":"status-publish","4":"has-post-thumbnail","6":"product_cat-care","7":"product_cat-gift-boxes","8":"product_cat-njega-kose","9":"product_cat-regenerator","10":"product_cat-robna-marka","11":"product_cat-sampon","12":"product_cat-vital-nutrition","14":"first","15":"outofstock","16":"taxable","17":"shipping-taxable","18":"purchasable","19":"product-type-simple"},"acf":[],"_links":{"self":[{"href":"https:\/\/keune.ba\/webshop\/wp-json\/wp\/v2\/product\/17942","targetHints":{"allow":["GET"]}}],"collection":[{"href":"https:\/\/keune.ba\/webshop\/wp-json\/wp\/v2\/product"}],"about":[{"href":"https:\/\/keune.ba\/webshop\/wp-json\/wp\/v2\/types\/product"}],"version-history":[{"count":2,"href":"https:\/\/keune.ba\/webshop\/wp-json\/wp\/v2\/product\/17942\/revisions"}],"predecessor-version":[{"id":18117,"href":"https:\/\/keune.ba\/webshop\/wp-json\/wp\/v2\/product\/17942\/revisions\/18117"}],"wp:featuredmedia":[{"embeddable":true,"href":"https:\/\/keune.ba\/webshop\/wp-json\/wp\/v2\/media\/17943"}],"wp:attachment":[{"href":"https:\/\/keune.ba\/webshop\/wp-json\/wp\/v2\/media?parent=17942"}],"wp:term":[{"taxonomy":"product_brand","embeddable":true,"href":"https:\/\/keune.ba\/webshop\/wp-json\/wp\/v2\/product_brand?post=17942"},{"taxonomy":"product_cat","embeddable":true,"href":"https:\/\/keune.ba\/webshop\/wp-json\/wp\/v2\/product_cat?post=17942"},{"taxonomy":"product_tag","embeddable":true,"href":"https:\/\/keune.ba\/webshop\/wp-json\/wp\/v2\/product_tag?post=17942"}],"curies":[{"name":"wp","href":"https:\/\/api.w.org\/{rel}","templated":true}]}}