{"id":17960,"date":"2025-11-05T16:45:48","date_gmt":"2025-11-05T15:45:48","guid":{"rendered":"https:\/\/keune.ba\/webshop\/?post_type=product&#038;p=17960"},"modified":"2026-02-15T21:47:11","modified_gmt":"2026-02-15T20:47:11","slug":"gift-box-shine","status":"publish","type":"product","link":"https:\/\/keune.ba\/webshop\/gift-box-shine\/","title":{"rendered":"Gift Box &#8211; Shine"},"content":{"rendered":"<p data-start=\"626\" data-end=\"957\"><strong data-start=\"626\" data-end=\"663\">Upoznajte Keune Shine poklon set:<\/strong> Color Brillianz Anti-Fade Shampoo, Anti-Fade Conditioner i Shine Therapy sprej. \u0160ampon nje\u017eno \u010disti, \u010duva boju i poja\u010dava sjaj. Regenerator hidratizira, zagla\u0111uje povr\u0161inu kose i poma\u017ee boji da ostane sjajna i glatka. Zavr\u0161ite sa Shine Therapy lakom za kosu za sjajan, ne-ljepljiv zavr\u0161etak.<\/p>\n<p data-start=\"959\" data-end=\"976\"><strong data-start=\"959\" data-end=\"974\">Set sadr\u017ei:<\/strong><\/p>\n<ul data-start=\"977\" data-end=\"1088\">\n<li data-start=\"977\" data-end=\"1013\">\n<p data-start=\"979\" data-end=\"1013\">Color Brillianz Shampoo (300 ml)<\/p>\n<\/li>\n<li data-start=\"1014\" data-end=\"1054\">\n<p data-start=\"1016\" data-end=\"1054\">Color Brillianz Conditioner (250 ml)<\/p>\n<\/li>\n<li data-start=\"1055\" data-end=\"1088\">\n<p data-start=\"1057\" data-end=\"1088\">Shine Therapy (putno pakiranje)<\/p>\n<\/li>\n<\/ul>\n","protected":false},"excerpt":{"rendered":"<p data-start=\"959\" data-end=\"976\"><strong data-start=\"959\" data-end=\"974\">Set sadr\u017ei:<\/strong><\/p>\n<ul data-start=\"977\" data-end=\"1088\">\n<li data-start=\"977\" data-end=\"1013\">\n<p data-start=\"979\" data-end=\"1013\">Color Brillianz Shampoo (300 ml)<\/p>\n<\/li>\n<li data-start=\"1014\" data-end=\"1054\">\n<p data-start=\"1016\" data-end=\"1054\">Color Brillianz Conditioner (250 ml)<\/p>\n<\/li>\n<li data-start=\"1055\" data-end=\"1088\">\n<p data-start=\"1057\" data-end=\"1088\">Shine Therapy (putno pakiranje)<\/p>\n<\/li>\n<\/ul>\n","protected":false},"featured_media":17945,"template":"","meta":{"_acf_changed":false},"product_brand":[],"product_cat":[704,743,866,657,664,699,663],"product_tag":[],"class_list":{"0":"post-17960","1":"product","2":"type-product","3":"status-publish","4":"has-post-thumbnail","6":"product_cat-care","7":"product_cat-color-brillianz","8":"product_cat-gift-boxes","9":"product_cat-njega-kose","10":"product_cat-regenerator","11":"product_cat-robna-marka","12":"product_cat-sampon","14":"first","15":"instock","16":"taxable","17":"shipping-taxable","18":"purchasable","19":"product-type-simple"},"acf":[],"_links":{"self":[{"href":"https:\/\/keune.ba\/webshop\/wp-json\/wp\/v2\/product\/17960","targetHints":{"allow":["GET"]}}],"collection":[{"href":"https:\/\/keune.ba\/webshop\/wp-json\/wp\/v2\/product"}],"about":[{"href":"https:\/\/keune.ba\/webshop\/wp-json\/wp\/v2\/types\/product"}],"version-history":[{"count":2,"href":"https:\/\/keune.ba\/webshop\/wp-json\/wp\/v2\/product\/17960\/revisions"}],"predecessor-version":[{"id":18115,"href":"https:\/\/keune.ba\/webshop\/wp-json\/wp\/v2\/product\/17960\/revisions\/18115"}],"wp:featuredmedia":[{"embeddable":true,"href":"https:\/\/keune.ba\/webshop\/wp-json\/wp\/v2\/media\/17945"}],"wp:attachment":[{"href":"https:\/\/keune.ba\/webshop\/wp-json\/wp\/v2\/media?parent=17960"}],"wp:term":[{"taxonomy":"product_brand","embeddable":true,"href":"https:\/\/keune.ba\/webshop\/wp-json\/wp\/v2\/product_brand?post=17960"},{"taxonomy":"product_cat","embeddable":true,"href":"https:\/\/keune.ba\/webshop\/wp-json\/wp\/v2\/product_cat?post=17960"},{"taxonomy":"product_tag","embeddable":true,"href":"https:\/\/keune.ba\/webshop\/wp-json\/wp\/v2\/product_tag?post=17960"}],"curies":[{"name":"wp","href":"https:\/\/api.w.org\/{rel}","templated":true}]}}