{"id":17964,"date":"2025-11-05T16:51:33","date_gmt":"2025-11-05T15:51:33","guid":{"rendered":"https:\/\/keune.ba\/webshop\/?post_type=product&#038;p=17964"},"modified":"2026-02-15T21:43:45","modified_gmt":"2026-02-15T20:43:45","slug":"gift-box-refresh","status":"publish","type":"product","link":"https:\/\/keune.ba\/webshop\/gift-box-refresh\/","title":{"rendered":"Gift Box &#8211; Refresh"},"content":{"rendered":"<p data-start=\"1621\" data-end=\"2035\"><strong data-start=\"1621\" data-end=\"1654\">Upoznajte Refresh poklon set:<\/strong> Essential Shampoo (za kosu\/bradu\/tijelo), Essential Conditioner i Premier Paste. Essential Shampoo \u010disti kosu, bradu i tijelo, dok kreatin i bambus ja\u010daju i zgu\u0161njavaju \u2013 idealno za suhu kosu i vlasi\u0161te. Essential Conditioner omek\u0161ava, zagla\u0111uje i odr\u017eava kosu pod kontrolom (brada tako\u0111er dobiva njegu). Zavr\u0161ite s Premier Paste pastom za ekstra jako u\u010dvr\u0161\u0107ivanje i mat izgled.<\/p>\n<p data-start=\"2037\" data-end=\"2054\"><strong data-start=\"2037\" data-end=\"2052\">Set sadr\u017ei:<\/strong><\/p>\n<ul data-start=\"2055\" data-end=\"2159\">\n<li data-start=\"2055\" data-end=\"2090\">\n<p data-start=\"2057\" data-end=\"2090\">1922 Essential Shampoo (250 ml)<\/p>\n<\/li>\n<li data-start=\"2091\" data-end=\"2130\">\n<p data-start=\"2093\" data-end=\"2130\">1922 Essential Conditioner (250 ml)<\/p>\n<\/li>\n<li data-start=\"2131\" data-end=\"2159\">\n<p data-start=\"2133\" data-end=\"2159\">1922 Premier Paste (75 ml)<\/p>\n<\/li>\n<\/ul>\n","protected":false},"excerpt":{"rendered":"<p data-start=\"2037\" data-end=\"2054\"><strong data-start=\"2037\" data-end=\"2052\">Set sadr\u017ei:<\/strong><\/p>\n<ul data-start=\"2055\" data-end=\"2159\">\n<li data-start=\"2055\" data-end=\"2090\">\n<p data-start=\"2057\" data-end=\"2090\">1922 Essential Shampoo (250 ml)<\/p>\n<\/li>\n<li data-start=\"2091\" data-end=\"2130\">\n<p data-start=\"2093\" data-end=\"2130\">1922 Essential Conditioner (250 ml)<\/p>\n<\/li>\n<li data-start=\"2131\" data-end=\"2159\">\n<p data-start=\"2133\" data-end=\"2159\">1922 Premier Paste (75 ml)<\/p>\n<\/li>\n<\/ul>\n","protected":false},"featured_media":17952,"template":"","meta":{"_acf_changed":false},"product_brand":[],"product_cat":[701,866,657,664,699,663],"product_tag":[],"class_list":{"0":"post-17964","1":"product","2":"type-product","3":"status-publish","4":"has-post-thumbnail","6":"product_cat-1922-by-j-m-keune","7":"product_cat-gift-boxes","8":"product_cat-njega-kose","9":"product_cat-regenerator","10":"product_cat-robna-marka","11":"product_cat-sampon","13":"first","14":"instock","15":"taxable","16":"shipping-taxable","17":"purchasable","18":"product-type-simple"},"acf":[],"_links":{"self":[{"href":"https:\/\/keune.ba\/webshop\/wp-json\/wp\/v2\/product\/17964","targetHints":{"allow":["GET"]}}],"collection":[{"href":"https:\/\/keune.ba\/webshop\/wp-json\/wp\/v2\/product"}],"about":[{"href":"https:\/\/keune.ba\/webshop\/wp-json\/wp\/v2\/types\/product"}],"version-history":[{"count":2,"href":"https:\/\/keune.ba\/webshop\/wp-json\/wp\/v2\/product\/17964\/revisions"}],"predecessor-version":[{"id":18118,"href":"https:\/\/keune.ba\/webshop\/wp-json\/wp\/v2\/product\/17964\/revisions\/18118"}],"wp:featuredmedia":[{"embeddable":true,"href":"https:\/\/keune.ba\/webshop\/wp-json\/wp\/v2\/media\/17952"}],"wp:attachment":[{"href":"https:\/\/keune.ba\/webshop\/wp-json\/wp\/v2\/media?parent=17964"}],"wp:term":[{"taxonomy":"product_brand","embeddable":true,"href":"https:\/\/keune.ba\/webshop\/wp-json\/wp\/v2\/product_brand?post=17964"},{"taxonomy":"product_cat","embeddable":true,"href":"https:\/\/keune.ba\/webshop\/wp-json\/wp\/v2\/product_cat?post=17964"},{"taxonomy":"product_tag","embeddable":true,"href":"https:\/\/keune.ba\/webshop\/wp-json\/wp\/v2\/product_tag?post=17964"}],"curies":[{"name":"wp","href":"https:\/\/api.w.org\/{rel}","templated":true}]}}