{"id":18093,"date":"2026-02-03T12:13:16","date_gmt":"2026-02-03T11:13:16","guid":{"rendered":"https:\/\/keune.ba\/webshop\/?post_type=product&#038;p=18093"},"modified":"2026-04-15T19:26:33","modified_gmt":"2026-04-15T17:26:33","slug":"instant-revive-intensive-repair-shampoo","status":"publish","type":"product","link":"https:\/\/keune.ba\/webshop\/instant-revive-intensive-repair-shampoo\/","title":{"rendered":"Instant Revive \u2014 Intensive Repair Shampoo"},"content":{"rendered":"<p><strong>Otkrijte obnovu kose uz Intensive Repair Shampoo<\/strong>. Pa\u017eljivo formuliran kako bi nje\u017eno o\u010distio kosu, istovremeno ja\u010daju\u0107i oslabljene vlasi, ovaj \u0161ampon bez sulfata, oboga\u0107en Rose Guard ekstraktom, poma\u017ee u obnovi strukturnih o\u0161te\u0107enja i ja\u010danju veza u vlasi. Vra\u0107a snagu i fleksibilnost iznutra, ostavljaju\u0107i kosu otpornom, glatkom i prekrasno obnovljenom.<\/p>\n<p><strong>Za\u0161to djeluje<\/strong><\/p>\n<p>\u2192 Napredna obnova veza<br \/>\nRose Guard ekstrakt poma\u017ee u obnovi i ja\u010danju veza u strukturi o\u0161te\u0107ene kose<\/p>\n<p>\u2192 Nje\u017eno \u010di\u0161\u0107enje bez sulfata<br \/>\n\u010cisti kosu bez isu\u0161ivanja, \u010duvaju\u0107i meko\u0107u i cjelovitost vlasi<\/p>\n<p>\u2192 Obnavlja snagu i fleksibilnost<br \/>\nJa\u010da krhke vlasi te pobolj\u0161ava otpornost i elasti\u010dnost<\/p>\n<p>\u2192 Zagla\u0111en i obnovljen zavr\u0161ni rezultat<\/p>\n<p>Kosa je nakon svakog pranja sna\u017enija, svilenkastija i podatnija<\/p>\n<p><strong>Za koga je namijenjeno<\/strong><\/p>\n<p>Za sve s o\u0161te\u0107enom, prekomjerno tretiranom ili oslabljenom kosom uzrokovano \u00a0bojanjem, izbjeljivanjem, toplinskim oblikovanjem ili svakodnevnim stresom.<\/p>\n<p><strong>Rezultat<\/strong><\/p>\n<p>\u2192 93 % manje lomljenja ve\u0107 nakon jedne upotrebe*<br \/>\n\u2192 15\u00d7 manje ispucalih vrhova ve\u0107 nakon jedne upotrebe**<br \/>\n\u2192 Sigurno za obojenu kosu<br \/>\n\u2192 Lako ra\u0161\u010de\u0161ljavanje<\/p>\n<p><strong>Na\u010din upotrebe<\/strong><\/p>\n<p>Nanesite na vla\u017enu kosu, zapjenite i isperite. Po potrebi ponovite postupak.<\/p>\n","protected":false},"excerpt":{"rendered":"<p><strong>Otkrijte obnovu kose uz Intensive Repair Shampoo<\/strong>. Pa\u017eljivo formuliran kako bi nje\u017eno o\u010distio kosu, istovremeno ja\u010daju\u0107i oslabljene vlasi, ovaj \u0161ampon bez sulfata, oboga\u0107en Rose Guard ekstraktom, poma\u017ee u obnovi strukturnih o\u0161te\u0107enja i ja\u010danju veza u vlasi. Vra\u0107a snagu i fleksibilnost iznutra, ostavljaju\u0107i kosu otpornom, glatkom i prekrasno obnovljenom.<\/p>\n","protected":false},"featured_media":18094,"template":"","meta":{"_acf_changed":false},"product_brand":[],"product_cat":[867,657,663],"product_tag":[],"class_list":{"0":"post-18093","1":"product","2":"type-product","3":"status-publish","4":"has-post-thumbnail","6":"product_cat-instant-revive","7":"product_cat-njega-kose","8":"product_cat-sampon","10":"first","11":"instock","12":"taxable","13":"shipping-taxable","14":"purchasable","15":"product-type-simple"},"acf":[],"_links":{"self":[{"href":"https:\/\/keune.ba\/webshop\/wp-json\/wp\/v2\/product\/18093","targetHints":{"allow":["GET"]}}],"collection":[{"href":"https:\/\/keune.ba\/webshop\/wp-json\/wp\/v2\/product"}],"about":[{"href":"https:\/\/keune.ba\/webshop\/wp-json\/wp\/v2\/types\/product"}],"version-history":[{"count":2,"href":"https:\/\/keune.ba\/webshop\/wp-json\/wp\/v2\/product\/18093\/revisions"}],"predecessor-version":[{"id":18098,"href":"https:\/\/keune.ba\/webshop\/wp-json\/wp\/v2\/product\/18093\/revisions\/18098"}],"wp:featuredmedia":[{"embeddable":true,"href":"https:\/\/keune.ba\/webshop\/wp-json\/wp\/v2\/media\/18094"}],"wp:attachment":[{"href":"https:\/\/keune.ba\/webshop\/wp-json\/wp\/v2\/media?parent=18093"}],"wp:term":[{"taxonomy":"product_brand","embeddable":true,"href":"https:\/\/keune.ba\/webshop\/wp-json\/wp\/v2\/product_brand?post=18093"},{"taxonomy":"product_cat","embeddable":true,"href":"https:\/\/keune.ba\/webshop\/wp-json\/wp\/v2\/product_cat?post=18093"},{"taxonomy":"product_tag","embeddable":true,"href":"https:\/\/keune.ba\/webshop\/wp-json\/wp\/v2\/product_tag?post=18093"}],"curies":[{"name":"wp","href":"https:\/\/api.w.org\/{rel}","templated":true}]}}