{"id":18099,"date":"2026-02-03T12:13:54","date_gmt":"2026-02-03T11:13:54","guid":{"rendered":"https:\/\/keune.ba\/webshop\/?post_type=product&#038;p=18099"},"modified":"2026-02-03T12:21:57","modified_gmt":"2026-02-03T11:21:57","slug":"instant-revive-flash-repair-mask","status":"publish","type":"product","link":"https:\/\/keune.ba\/webshop\/instant-revive-flash-repair-mask\/","title":{"rendered":"Instant Revive \u2014 Flash Repair Mask"},"content":{"rendered":"<p>Obnovite kosu uz <strong>Flash Repair Mask<\/strong>, brzo djeluju\u0107i tretman osmi\u0161ljen za ja\u010danje i obnavljanje o\u0161te\u0107enih vlasi. Oboga\u0107ena <strong>Rose Guard ekstraktom<\/strong>, njezina lagana, teku\u0107a tekstura trenutno ra\u0161\u010de\u0161ljava kosu, zagla\u0111uje kutikulu i vra\u0107a meko\u0107u. Kosa ostaje otpornija, svilenkasta i puna laganog, prozra\u010dnog pokreta.<\/p>\n<p><strong>Za\u0161to djeluje:<\/strong><\/p>\n<p>\u2192 <strong>Brza obnova<\/strong><br \/>\nPru\u017ea intenzivnu njegu za obnovu veza u samo nekoliko minuta<\/p>\n<p>\u2192 <strong>Lagana teku\u0107a tekstura<\/strong><br \/>\nOmogu\u0107uje trenutno ra\u0161\u010de\u0161ljavanje, svilenkastu meko\u0107u i prozra\u010dan pokret kose<\/p>\n<p>\u2192 <strong>Meko\u0107a i podatnost<\/strong><br \/>\nZagla\u0111uje kutikulu za kosu koja je mekana, podatna i laka za oblikovanje<\/p>\n<p>\u2192 <strong>Snaga i otpornost<\/strong><br \/>\nJa\u010da oslabljene vlasi i \u0161titi kosu od budu\u0107eg lomljenja<\/p>\n<p><strong>Rezultat:<\/strong><\/p>\n<p>\u2192 15\u00d7 manje ispucalih vrhova ve\u0107 nakon jedne upotrebe*<br \/>\n\u2192 Trenuta\u010dno sna\u017enija kosa<br \/>\n\u2192 Sigurno za obojenu kosu***<br \/>\n\u2192 88 % lak\u0161e ra\u0161\u010de\u0161ljavanje mokre kose**<br \/>\n\u2192 85 % lak\u0161e ra\u0161\u010de\u0161ljavanje suhe kose**<br \/>\n\u2192 Intenzivna hidratacija ve\u0107 nakon jedne upotrebe<\/p>\n<p><strong>Za koga je namijenjeno:<\/strong><\/p>\n<p>Za sve s o\u0161te\u0107enom, prekomjerno tretiranom ili oslabljenom kosom uzrokovano bojanjem, izbjeljivanjem, toplinskim oblikovanjem ili svakodnevnim stresom.<\/p>\n<p><strong>Na\u010din upotrebe:<\/strong><\/p>\n<p>Nanesite na kosu opranu \u0161amponom. Ru\u010dnikom uklonite vi\u0161ak vode, umasirajte po du\u017eini i vrhovima te nje\u017eno ra\u0161\u010de\u0161ljajte. Temeljito isperite.<\/p>\n","protected":false},"excerpt":{"rendered":"<p>Obnovite kosu uz <strong>Flash Repair Mask<\/strong>, brzo djeluju\u0107i tretman osmi\u0161ljen za ja\u010danje i obnavljanje o\u0161te\u0107enih vlasi. Oboga\u0107ena <strong>Rose Guard ekstraktom<\/strong>, njezina lagana, teku\u0107a tekstura trenutno ra\u0161\u010de\u0161ljava kosu, zagla\u0111uje kutikulu i vra\u0107a meko\u0107u. Kosa ostaje otpornija, svilenkasta i puna laganog, prozra\u010dnog pokreta.<\/p>\n","protected":false},"featured_media":18101,"template":"","meta":{"_acf_changed":false},"product_brand":[],"product_cat":[867,667,657],"product_tag":[],"class_list":{"0":"post-18099","1":"product","2":"type-product","3":"status-publish","4":"has-post-thumbnail","6":"product_cat-instant-revive","7":"product_cat-maska","8":"product_cat-njega-kose","10":"first","11":"instock","12":"taxable","13":"shipping-taxable","14":"purchasable","15":"product-type-simple"},"acf":[],"_links":{"self":[{"href":"https:\/\/keune.ba\/webshop\/wp-json\/wp\/v2\/product\/18099","targetHints":{"allow":["GET"]}}],"collection":[{"href":"https:\/\/keune.ba\/webshop\/wp-json\/wp\/v2\/product"}],"about":[{"href":"https:\/\/keune.ba\/webshop\/wp-json\/wp\/v2\/types\/product"}],"version-history":[{"count":4,"href":"https:\/\/keune.ba\/webshop\/wp-json\/wp\/v2\/product\/18099\/revisions"}],"predecessor-version":[{"id":18108,"href":"https:\/\/keune.ba\/webshop\/wp-json\/wp\/v2\/product\/18099\/revisions\/18108"}],"wp:featuredmedia":[{"embeddable":true,"href":"https:\/\/keune.ba\/webshop\/wp-json\/wp\/v2\/media\/18101"}],"wp:attachment":[{"href":"https:\/\/keune.ba\/webshop\/wp-json\/wp\/v2\/media?parent=18099"}],"wp:term":[{"taxonomy":"product_brand","embeddable":true,"href":"https:\/\/keune.ba\/webshop\/wp-json\/wp\/v2\/product_brand?post=18099"},{"taxonomy":"product_cat","embeddable":true,"href":"https:\/\/keune.ba\/webshop\/wp-json\/wp\/v2\/product_cat?post=18099"},{"taxonomy":"product_tag","embeddable":true,"href":"https:\/\/keune.ba\/webshop\/wp-json\/wp\/v2\/product_tag?post=18099"}],"curies":[{"name":"wp","href":"https:\/\/api.w.org\/{rel}","templated":true}]}}