{"id":18104,"date":"2026-02-03T12:17:28","date_gmt":"2026-02-03T11:17:28","guid":{"rendered":"https:\/\/keune.ba\/webshop\/?post_type=product&#038;p=18104"},"modified":"2026-02-03T12:20:41","modified_gmt":"2026-02-03T11:20:41","slug":"instant-revive-intensive-repair-mask","status":"publish","type":"product","link":"https:\/\/keune.ba\/webshop\/instant-revive-intensive-repair-mask\/","title":{"rendered":"Instant Revive \u2014 Intensive Repair Mask"},"content":{"rendered":"<p>Transformirajte o\u0161te\u0107ene vlasi uz <strong>Intensive Repair Mask<\/strong>, luksuzni tretman osmi\u0161ljen za obnovu veza i vra\u0107anje molekularne strukture kose. Oboga\u0107ena <strong>Rose Guard ekstraktom<\/strong>, njezina bogata kremasta tekstura pru\u017ea dubinsku obnovu, dugotrajnu hranjivost i zagla\u0111uju\u0107u njegu. Kosa ostaje otpornija, svilenkasta i prekrasno revitalizirana.<\/p>\n<p><strong>ZA\u0160TO DJELUJE<\/strong><\/p>\n<p>\u2192 <strong>Napredna obnova veza i vlakana<\/strong><br \/>\n<strong>Rose Guard ekstrakt<\/strong> poma\u017ee u ponovnoj izgradnji veza i obnovi molekularne strukture kose<\/p>\n<p>\u2192 <strong>Bogata kremasta tekstura<\/strong><br \/>\nObavija svaku vlas dubinskom, dugotrajnom njegom<\/p>\n<p>\u2192 <strong>Snaga i zagla\u0111enost<\/strong><br \/>\nRevitalizira o\u0161te\u0107ena vlakna za sna\u017eniju i svilenkastiju kosu<\/p>\n<p>\u2192 <strong>Za\u0161tita od budu\u0107ih o\u0161te\u0107enja<\/strong><br \/>\nJa\u010da kosu kako bi bila otpornija na lomljenje i zadr\u017eala dugotrajnu otpornost<\/p>\n<p><strong>REZULTAT<\/strong><\/p>\n<p>\u2192 93 % manje lomljenja ve\u0107 nakon jedne upotrebe*<br \/>\n\u2192 Sigurno za obojenu kosu**<br \/>\n\u2192 Klini\u010dki dokazano obnavlja molekularnu strukturu kose***<br \/>\n\u2192 Pobolj\u0161ana elasti\u010dnost***<br \/>\n\u2192 Ve\u0107a otpornost na stres***<br \/>\n\u2192 Obnova povr\u0161inskih o\u0161te\u0107enja***<\/p>\n<p><strong>ZA KOGA JE NAMIJENJENO<\/strong><\/p>\n<p>Za sve s o\u0161te\u0107enom, prekomjerno tretiranom ili oslabljenom kosom uzrokovanom bojanjem, izbjeljivanjem, toplinskim oblikovanjem ili svakodnevnim stresom.<\/p>\n<p><strong>NA\u010cIN UPOTREBE<\/strong><\/p>\n<p>Nanesite na kosu opranu \u0161amponom. Ru\u010dnikom uklonite vi\u0161ak vode, umasirajte u du\u017eine i vrhove te nje\u017eno ra\u0161\u010de\u0161ljajte. Temeljito isperite.<\/p>\n","protected":false},"excerpt":{"rendered":"<p>Transformirajte o\u0161te\u0107ene vlasi uz <strong>Intensive Repair Mask<\/strong>, luksuzni tretman osmi\u0161ljen za obnovu veza i vra\u0107anje molekularne strukture kose. Oboga\u0107ena <strong>Rose Guard ekstraktom<\/strong>, njezina bogata kremasta tekstura pru\u017ea dubinsku obnovu, dugotrajnu hranjivost i zagla\u0111uju\u0107u njegu. Kosa ostaje otpornija, svilenkasta i prekrasno revitalizirana.<\/p>\n","protected":false},"featured_media":18105,"template":"","meta":{"_acf_changed":false},"product_brand":[],"product_cat":[867,667,657],"product_tag":[],"class_list":{"0":"post-18104","1":"product","2":"type-product","3":"status-publish","4":"has-post-thumbnail","6":"product_cat-instant-revive","7":"product_cat-maska","8":"product_cat-njega-kose","10":"first","11":"instock","12":"taxable","13":"shipping-taxable","14":"purchasable","15":"product-type-simple"},"acf":[],"_links":{"self":[{"href":"https:\/\/keune.ba\/webshop\/wp-json\/wp\/v2\/product\/18104","targetHints":{"allow":["GET"]}}],"collection":[{"href":"https:\/\/keune.ba\/webshop\/wp-json\/wp\/v2\/product"}],"about":[{"href":"https:\/\/keune.ba\/webshop\/wp-json\/wp\/v2\/types\/product"}],"version-history":[{"count":1,"href":"https:\/\/keune.ba\/webshop\/wp-json\/wp\/v2\/product\/18104\/revisions"}],"predecessor-version":[{"id":18106,"href":"https:\/\/keune.ba\/webshop\/wp-json\/wp\/v2\/product\/18104\/revisions\/18106"}],"wp:featuredmedia":[{"embeddable":true,"href":"https:\/\/keune.ba\/webshop\/wp-json\/wp\/v2\/media\/18105"}],"wp:attachment":[{"href":"https:\/\/keune.ba\/webshop\/wp-json\/wp\/v2\/media?parent=18104"}],"wp:term":[{"taxonomy":"product_brand","embeddable":true,"href":"https:\/\/keune.ba\/webshop\/wp-json\/wp\/v2\/product_brand?post=18104"},{"taxonomy":"product_cat","embeddable":true,"href":"https:\/\/keune.ba\/webshop\/wp-json\/wp\/v2\/product_cat?post=18104"},{"taxonomy":"product_tag","embeddable":true,"href":"https:\/\/keune.ba\/webshop\/wp-json\/wp\/v2\/product_tag?post=18104"}],"curies":[{"name":"wp","href":"https:\/\/api.w.org\/{rel}","templated":true}]}}