{"id":18252,"date":"2026-05-14T11:15:31","date_gmt":"2026-05-14T09:15:31","guid":{"rendered":"https:\/\/keune.ba\/webshop\/?post_type=product&#038;p=18252"},"modified":"2026-05-14T11:17:59","modified_gmt":"2026-05-14T09:17:59","slug":"style-air-flow","status":"publish","type":"product","link":"https:\/\/keune.ba\/webshop\/style-air-flow\/","title":{"rendered":"Style Air Flow"},"content":{"rendered":"<p>Air Flow je losion za pripremu kose koji prati prirodni pokret i idealan je za besprijekoran air-dried rezultat bez dugotrajnog stiliziranja. Kontrolira kovrd\u017eavost do 48 sati, oboga\u0107en je vitaminom E i jednako dobro funkcionira u salonu kao i u svakodnevnoj ku\u0107noj rutini.<\/p>\n","protected":false},"excerpt":{"rendered":"<p>Lagani, vi\u0161enamjenski pripremni losion koji nagla\u0161ava prirodno kretanje kose \u2013 idealan za opu\u0161tene, na zraku su\u0161ene frizure i profesionalnu pripremu u salonu.<\/p>\n<p><strong>Miris:<\/strong> Midnight Blossom<\/p>\n<ul>\n<li>Do 48 sati kontrole kovr\u010davosti*<\/li>\n<li>Dugotrajan, mekan u\u010dinak u\u010dvr\u0161\u0107ivanja<\/li>\n<li>\u00a0S dodatkom vitamina E<\/li>\n<\/ul>\n","protected":false},"featured_media":18253,"template":"","meta":{"_acf_changed":false},"product_brand":[],"product_cat":[679,681,851,702,658],"product_tag":[],"class_list":{"0":"post-18252","1":"product","2":"type-product","3":"status-publish","4":"has-post-thumbnail","6":"product_cat-krema-styling","7":"product_cat-losion-styling","8":"product_cat-shape-and-texture","9":"product_cat-style","10":"product_cat-styling","12":"first","13":"instock","14":"taxable","15":"shipping-taxable","16":"purchasable","17":"product-type-simple"},"acf":[],"_links":{"self":[{"href":"https:\/\/keune.ba\/webshop\/wp-json\/wp\/v2\/product\/18252","targetHints":{"allow":["GET"]}}],"collection":[{"href":"https:\/\/keune.ba\/webshop\/wp-json\/wp\/v2\/product"}],"about":[{"href":"https:\/\/keune.ba\/webshop\/wp-json\/wp\/v2\/types\/product"}],"version-history":[{"count":1,"href":"https:\/\/keune.ba\/webshop\/wp-json\/wp\/v2\/product\/18252\/revisions"}],"predecessor-version":[{"id":18254,"href":"https:\/\/keune.ba\/webshop\/wp-json\/wp\/v2\/product\/18252\/revisions\/18254"}],"wp:featuredmedia":[{"embeddable":true,"href":"https:\/\/keune.ba\/webshop\/wp-json\/wp\/v2\/media\/18253"}],"wp:attachment":[{"href":"https:\/\/keune.ba\/webshop\/wp-json\/wp\/v2\/media?parent=18252"}],"wp:term":[{"taxonomy":"product_brand","embeddable":true,"href":"https:\/\/keune.ba\/webshop\/wp-json\/wp\/v2\/product_brand?post=18252"},{"taxonomy":"product_cat","embeddable":true,"href":"https:\/\/keune.ba\/webshop\/wp-json\/wp\/v2\/product_cat?post=18252"},{"taxonomy":"product_tag","embeddable":true,"href":"https:\/\/keune.ba\/webshop\/wp-json\/wp\/v2\/product_tag?post=18252"}],"curies":[{"name":"wp","href":"https:\/\/api.w.org\/{rel}","templated":true}]}}