{"id":18255,"date":"2026-05-14T11:18:32","date_gmt":"2026-05-14T09:18:32","guid":{"rendered":"https:\/\/keune.ba\/webshop\/?post_type=product&#038;p=18255"},"modified":"2026-05-14T11:22:58","modified_gmt":"2026-05-14T09:22:58","slug":"style-steel-lock","status":"publish","type":"product","link":"https:\/\/keune.ba\/webshop\/style-steel-lock\/","title":{"rendered":"Style Steel Lock"},"content":{"rendered":"<p>Steel Lock je <strong>najja\u010di lak iz Keune asortimana.<\/strong> Razvijen za situacije u kojima frizura mora izdr\u017eati bez iznimke, nudi <strong>extreme hold do 72 sata<\/strong> i freeze efekt koji se zadr\u017eava do sljede\u0107eg pranja.<\/p>\n","protected":false},"excerpt":{"rendered":"<p>Lak za kosu s najja\u010dim u\u010dvr\u0161\u0107ivanjem \u2013 osmi\u0161ljen za dugotrajnu postojanost, izra\u017eajne frizure i pouzdanost u svim vremenskim uvjetima.<\/p>\n<ul>\n<li>Ekstremno u\u010dvr\u0161\u0107ivanje do 72 sata*<\/li>\n<li>\u00a0Izuzetno sna\u017ena fiksacija<\/li>\n<li>\u201cFreeze\u201d efekt do sljede\u0107eg pranja<\/li>\n<\/ul>\n","protected":false},"featured_media":18256,"template":"","meta":{"_acf_changed":false},"product_brand":[],"product_cat":[854,680,702,658],"product_tag":[],"class_list":{"0":"post-18255","1":"product","2":"type-product","3":"status-publish","4":"has-post-thumbnail","6":"product_cat-fix-and-finish","7":"product_cat-lak","8":"product_cat-style","9":"product_cat-styling","11":"first","12":"instock","13":"taxable","14":"shipping-taxable","15":"purchasable","16":"product-type-simple"},"acf":[],"_links":{"self":[{"href":"https:\/\/keune.ba\/webshop\/wp-json\/wp\/v2\/product\/18255","targetHints":{"allow":["GET"]}}],"collection":[{"href":"https:\/\/keune.ba\/webshop\/wp-json\/wp\/v2\/product"}],"about":[{"href":"https:\/\/keune.ba\/webshop\/wp-json\/wp\/v2\/types\/product"}],"version-history":[{"count":1,"href":"https:\/\/keune.ba\/webshop\/wp-json\/wp\/v2\/product\/18255\/revisions"}],"predecessor-version":[{"id":18257,"href":"https:\/\/keune.ba\/webshop\/wp-json\/wp\/v2\/product\/18255\/revisions\/18257"}],"wp:featuredmedia":[{"embeddable":true,"href":"https:\/\/keune.ba\/webshop\/wp-json\/wp\/v2\/media\/18256"}],"wp:attachment":[{"href":"https:\/\/keune.ba\/webshop\/wp-json\/wp\/v2\/media?parent=18255"}],"wp:term":[{"taxonomy":"product_brand","embeddable":true,"href":"https:\/\/keune.ba\/webshop\/wp-json\/wp\/v2\/product_brand?post=18255"},{"taxonomy":"product_cat","embeddable":true,"href":"https:\/\/keune.ba\/webshop\/wp-json\/wp\/v2\/product_cat?post=18255"},{"taxonomy":"product_tag","embeddable":true,"href":"https:\/\/keune.ba\/webshop\/wp-json\/wp\/v2\/product_tag?post=18255"}],"curies":[{"name":"wp","href":"https:\/\/api.w.org\/{rel}","templated":true}]}}